{"id":1048,"date":"2022-04-13T10:11:48","date_gmt":"2022-04-13T10:11:48","guid":{"rendered":"https:\/\/dockaasbv.nl\/ausbildung-und-entwicklung\/"},"modified":"2022-05-06T08:44:18","modified_gmt":"2022-05-06T08:44:18","slug":"ausbildung-und-entwicklung","status":"publish","type":"page","link":"https:\/\/dockaas-bv.webba11.projectlocatie.nl\/de\/wir-als-arbeitgeber\/ausbildung-und-entwicklung\/","title":{"rendered":"Ausbildung und Entwicklung"},"content":{"rendered":"<section style=\"background-image:linear-gradient(to bottom, rgba(0, 0, 0, 0.2), rgba(0, 0, 0, 0.2)),url(' https:\/\/dockaas.webba11.projectlocatie.nl\/app\/uploads\/sites\/2\/2022\/05\/Header-werken-bij-ons-opleiding-en-ontwikkeling-scaled.jpg ');background-repeat:no-repeat;background-size:cover;background-position:center;\"\n    class=\"flex items-center\">\n    <div class=\"top-0 left-0 h-full w-full relative px-4\">\n        <div class=\"container mx-auto text-center lg:text-left pt-40\">\n            <div class=\"hero-title\">\n                                <h1 class=\"text-[2.75rem] md:text-[4rem] leading-tight text-white drop-shadow-xl break-words lg:px-8 lg:border-l-[5px] lg:border-secondary\">\n                    <p>Ausbildung <strong>und Entwicklung<\/strong><\/p>\n\n                <\/h1>\n                                \n                \n            <\/div>\n        <\/div>\n\n                <div class=\"container mx-auto py-6 text-white mt-24\">\n            <p id=\"breadcrumbs\"><span><span><a href=\"https:\/\/dockaas-bv.webba11.projectlocatie.nl\/de\/\">Home<\/a><\/span><\/span><\/p>        <\/div>\n        \n    <\/div>\n<\/section>\n\n\n\n<section  class=\"py-16 bg-light\">\n                 \n    <div class=\"flex flex-col gap-10 lg:w-[55rem] px-4 m-auto\">\n        \n                <div class=\"text-primary-dark font-light text-2xl leading-normal\">\n            <p>Wir regen unsere Mitarbeiter an, sich innerhalb von DOC Kaas weiterzuentwickeln und bieten ihnen die M\u00f6glichkeiten dazu. Jeder Mitarbeiter f\u00fchrt einmal im Jahr ein pers\u00f6nliches Entwicklungsgespr\u00e4ch, in dem seine Ambitionen und Entwicklungsm\u00f6glichkeiten er\u00f6rtert werden. Wir f\u00f6rdern die Weiterbildung der Mitarbeiter, damit sie ihr Wissen erweitern k\u00f6nnen. Im Rahmen des Besch\u00e4ftigungsverh\u00e4ltnisses steht jedem Mitarbeiter ein j\u00e4hrliches Budget f\u00fcr einschl\u00e4gige Aus- und Weiterbildungsma\u00dfnahmen seiner Wahl zur Verf\u00fcgung.<\/p>\n\n        <\/div>\n        \n            <\/div>\n\n            <\/section>\n\n\n<section  class=\"py-16 bg-lighter\">\n                 \n    <div class=\"w-full lg:w-[55rem] flex flex-col gap-6 content px-4 m-auto\">\n\n        \n                <div class=\"text-grey leading-7 font-light small\">\n            <p>Wir verf\u00fcgen auch \u00fcber ein eigenes Ausbildungsinstitut, in dem Neueinsteiger neben ihrer T\u00e4tigkeit in unserem Unternehmen eine Teilzeitausbildung absolvieren. Bei DOC Kaas B.V. haben Neueinsteiger immer eine Chance auf einen festen Arbeitsplatz.<\/p>\n<p>&nbsp;<\/p>\n<p>Da DOC Kaas Teil des deutschen Molkereikonzerns DMK Group ist, bieten wir ein breites Spektrum an Karrierem\u00f6glichkeiten. Die Mitarbeiter haben die M\u00f6glichkeit, ihre Ideen mitzuteilen und sich einzubringen. Weil es uns wichtig ist, unseren Mitarbeitern zuzuh\u00f6ren, und weil es zur kontinuierlichen Verbesserung unseres Unternehmens beitr\u00e4gt.<\/p>\n\n        <\/div>\n        \n        \n            <\/div>\n\n            <\/section>\n","protected":false},"excerpt":{"rendered":"","protected":false},"author":2,"featured_media":0,"parent":1059,"menu_order":0,"comment_status":"closed","ping_status":"closed","template":"","meta":{"_acf_changed":false,"inline_featured_image":false,"footnotes":""},"class_list":["post-1048","page","type-page","status-publish","hentry"],"acf":[],"yoast_head":"<!-- This site is optimized with the Yoast SEO plugin v25.3.1 - https:\/\/yoast.com\/wordpress\/plugins\/seo\/ -->\n<title>Ausbildung und Entwicklung &#8211; DOC Kaas B.V.<\/title>\n<meta name=\"description\" content=\"Ausbildung und Entwicklung sind uns f\u00fcr alle Mitarbeiter wichtig. Wir f\u00f6rdern und helfen dabei. Mehr wissen? Dann lesen Sie schnell weiter.\" \/>\n<meta name=\"robots\" content=\"noindex, follow, max-snippet:-1, max-image-preview:large, max-video-preview:-1\" \/>\n<meta property=\"og:locale\" content=\"de_DE\" \/>\n<meta property=\"og:type\" content=\"article\" \/>\n<meta property=\"og:title\" content=\"Ausbildung und Entwicklung &#8211; DOC Kaas B.V.\" \/>\n<meta property=\"og:description\" content=\"Ausbildung und Entwicklung sind uns f\u00fcr alle Mitarbeiter wichtig. Wir f\u00f6rdern und helfen dabei. Mehr wissen? Dann lesen Sie schnell weiter.\" \/>\n<meta property=\"og:url\" content=\"https:\/\/dockaas-bv.webba11.projectlocatie.nl\/werken-bij-ons\/opleiding-en-ontwikkeling\/\" \/>\n<meta property=\"og:site_name\" content=\"DOC Kaas B.V.\" \/>\n<meta property=\"article:modified_time\" content=\"2022-05-06T08:44:18+00:00\" \/>\n<meta name=\"twitter:card\" content=\"summary_large_image\" \/>\n<script type=\"application\/ld+json\" class=\"yoast-schema-graph\">{\"@context\":\"https:\/\/schema.org\",\"@graph\":[{\"@type\":\"WebPage\",\"@id\":\"https:\/\/dockaas-bv.webba11.projectlocatie.nl\/werken-bij-ons\/opleiding-en-ontwikkeling\/\",\"url\":\"https:\/\/dockaas-bv.webba11.projectlocatie.nl\/werken-bij-ons\/opleiding-en-ontwikkeling\/\",\"name\":\"Ausbildung und Entwicklung &#8211; DOC Kaas B.V.\",\"isPartOf\":{\"@id\":\"https:\/\/dockaas-bv.webba11.projectlocatie.nl\/de\/#website\"},\"datePublished\":\"2022-04-13T10:11:48+00:00\",\"dateModified\":\"2022-05-06T08:44:18+00:00\",\"description\":\"Ausbildung und Entwicklung sind uns f\u00fcr alle Mitarbeiter wichtig. Wir f\u00f6rdern und helfen dabei. Mehr wissen? Dann lesen Sie schnell weiter.\",\"breadcrumb\":{\"@id\":\"https:\/\/dockaas-bv.webba11.projectlocatie.nl\/werken-bij-ons\/opleiding-en-ontwikkeling\/#breadcrumb\"},\"inLanguage\":\"de-DE\",\"potentialAction\":[{\"@type\":\"ReadAction\",\"target\":[\"https:\/\/dockaas-bv.webba11.projectlocatie.nl\/werken-bij-ons\/opleiding-en-ontwikkeling\/\"]}]},{\"@type\":\"BreadcrumbList\",\"@id\":\"https:\/\/dockaas-bv.webba11.projectlocatie.nl\/werken-bij-ons\/opleiding-en-ontwikkeling\/#breadcrumb\",\"itemListElement\":[{\"@type\":\"ListItem\",\"position\":1,\"name\":\"Home\",\"item\":\"https:\/\/dockaas-bv.webba11.projectlocatie.nl\/de\/\"},{\"@type\":\"ListItem\",\"position\":2,\"name\":\"Wir als Arbeitgeber\",\"item\":\"https:\/\/dockaas-bv.webba11.projectlocatie.nl\/de\/wir-als-arbeitgeber\/\"},{\"@type\":\"ListItem\",\"position\":3,\"name\":\"Ausbildung und Entwicklung\"}]},{\"@type\":\"WebSite\",\"@id\":\"https:\/\/dockaas-bv.webba11.projectlocatie.nl\/de\/#website\",\"url\":\"https:\/\/dockaas-bv.webba11.projectlocatie.nl\/de\/\",\"name\":\"DOC Kaas B.V.\",\"description\":\"Kaasmaken kunnen wij  als geen ander!\",\"publisher\":{\"@id\":\"https:\/\/dockaas-bv.webba11.projectlocatie.nl\/de\/#organization\"},\"potentialAction\":[{\"@type\":\"SearchAction\",\"target\":{\"@type\":\"EntryPoint\",\"urlTemplate\":\"https:\/\/dockaas-bv.webba11.projectlocatie.nl\/de\/?s={search_term_string}\"},\"query-input\":{\"@type\":\"PropertyValueSpecification\",\"valueRequired\":true,\"valueName\":\"search_term_string\"}}],\"inLanguage\":\"de-DE\"},{\"@type\":\"Organization\",\"@id\":\"https:\/\/dockaas-bv.webba11.projectlocatie.nl\/de\/#organization\",\"name\":\"DOC Kaas BV\",\"url\":\"https:\/\/dockaas-bv.webba11.projectlocatie.nl\/de\/\",\"logo\":{\"@type\":\"ImageObject\",\"inLanguage\":\"de-DE\",\"@id\":\"https:\/\/dockaas-bv.webba11.projectlocatie.nl\/de\/#\/schema\/logo\/image\/\",\"url\":\"https:\/\/dockaas.nl\/app\/uploads\/sites\/2\/2022\/04\/favicon.png\",\"contentUrl\":\"https:\/\/dockaas.nl\/app\/uploads\/sites\/2\/2022\/04\/favicon.png\",\"width\":500,\"height\":500,\"caption\":\"DOC Kaas BV\"},\"image\":{\"@id\":\"https:\/\/dockaas-bv.webba11.projectlocatie.nl\/de\/#\/schema\/logo\/image\/\"}}]}<\/script>\n<!-- \/ Yoast SEO plugin. -->","yoast_head_json":{"title":"Ausbildung und Entwicklung &#8211; DOC Kaas B.V.","description":"Ausbildung und Entwicklung sind uns f\u00fcr alle Mitarbeiter wichtig. Wir f\u00f6rdern und helfen dabei. Mehr wissen? Dann lesen Sie schnell weiter.","robots":{"index":"noindex","follow":"follow","max-snippet":"max-snippet:-1","max-image-preview":"max-image-preview:large","max-video-preview":"max-video-preview:-1"},"og_locale":"de_DE","og_type":"article","og_title":"Ausbildung und Entwicklung &#8211; DOC Kaas B.V.","og_description":"Ausbildung und Entwicklung sind uns f\u00fcr alle Mitarbeiter wichtig. Wir f\u00f6rdern und helfen dabei. Mehr wissen? Dann lesen Sie schnell weiter.","og_url":"https:\/\/dockaas-bv.webba11.projectlocatie.nl\/werken-bij-ons\/opleiding-en-ontwikkeling\/","og_site_name":"DOC Kaas B.V.","article_modified_time":"2022-05-06T08:44:18+00:00","twitter_card":"summary_large_image","schema":{"@context":"https:\/\/schema.org","@graph":[{"@type":"WebPage","@id":"https:\/\/dockaas-bv.webba11.projectlocatie.nl\/werken-bij-ons\/opleiding-en-ontwikkeling\/","url":"https:\/\/dockaas-bv.webba11.projectlocatie.nl\/werken-bij-ons\/opleiding-en-ontwikkeling\/","name":"Ausbildung und Entwicklung &#8211; DOC Kaas B.V.","isPartOf":{"@id":"https:\/\/dockaas-bv.webba11.projectlocatie.nl\/de\/#website"},"datePublished":"2022-04-13T10:11:48+00:00","dateModified":"2022-05-06T08:44:18+00:00","description":"Ausbildung und Entwicklung sind uns f\u00fcr alle Mitarbeiter wichtig. Wir f\u00f6rdern und helfen dabei. Mehr wissen? Dann lesen Sie schnell weiter.","breadcrumb":{"@id":"https:\/\/dockaas-bv.webba11.projectlocatie.nl\/werken-bij-ons\/opleiding-en-ontwikkeling\/#breadcrumb"},"inLanguage":"de-DE","potentialAction":[{"@type":"ReadAction","target":["https:\/\/dockaas-bv.webba11.projectlocatie.nl\/werken-bij-ons\/opleiding-en-ontwikkeling\/"]}]},{"@type":"BreadcrumbList","@id":"https:\/\/dockaas-bv.webba11.projectlocatie.nl\/werken-bij-ons\/opleiding-en-ontwikkeling\/#breadcrumb","itemListElement":[{"@type":"ListItem","position":1,"name":"Home","item":"https:\/\/dockaas-bv.webba11.projectlocatie.nl\/de\/"},{"@type":"ListItem","position":2,"name":"Wir als Arbeitgeber","item":"https:\/\/dockaas-bv.webba11.projectlocatie.nl\/de\/wir-als-arbeitgeber\/"},{"@type":"ListItem","position":3,"name":"Ausbildung und Entwicklung"}]},{"@type":"WebSite","@id":"https:\/\/dockaas-bv.webba11.projectlocatie.nl\/de\/#website","url":"https:\/\/dockaas-bv.webba11.projectlocatie.nl\/de\/","name":"DOC Kaas B.V.","description":"Kaasmaken kunnen wij  als geen ander!","publisher":{"@id":"https:\/\/dockaas-bv.webba11.projectlocatie.nl\/de\/#organization"},"potentialAction":[{"@type":"SearchAction","target":{"@type":"EntryPoint","urlTemplate":"https:\/\/dockaas-bv.webba11.projectlocatie.nl\/de\/?s={search_term_string}"},"query-input":{"@type":"PropertyValueSpecification","valueRequired":true,"valueName":"search_term_string"}}],"inLanguage":"de-DE"},{"@type":"Organization","@id":"https:\/\/dockaas-bv.webba11.projectlocatie.nl\/de\/#organization","name":"DOC Kaas BV","url":"https:\/\/dockaas-bv.webba11.projectlocatie.nl\/de\/","logo":{"@type":"ImageObject","inLanguage":"de-DE","@id":"https:\/\/dockaas-bv.webba11.projectlocatie.nl\/de\/#\/schema\/logo\/image\/","url":"https:\/\/dockaas.nl\/app\/uploads\/sites\/2\/2022\/04\/favicon.png","contentUrl":"https:\/\/dockaas.nl\/app\/uploads\/sites\/2\/2022\/04\/favicon.png","width":500,"height":500,"caption":"DOC Kaas BV"},"image":{"@id":"https:\/\/dockaas-bv.webba11.projectlocatie.nl\/de\/#\/schema\/logo\/image\/"}}]}},"_links":{"self":[{"href":"https:\/\/dockaas-bv.webba11.projectlocatie.nl\/de\/wp-json\/wp\/v2\/pages\/1048","targetHints":{"allow":["GET"]}}],"collection":[{"href":"https:\/\/dockaas-bv.webba11.projectlocatie.nl\/de\/wp-json\/wp\/v2\/pages"}],"about":[{"href":"https:\/\/dockaas-bv.webba11.projectlocatie.nl\/de\/wp-json\/wp\/v2\/types\/page"}],"author":[{"embeddable":true,"href":"https:\/\/dockaas-bv.webba11.projectlocatie.nl\/de\/wp-json\/wp\/v2\/users\/2"}],"replies":[{"embeddable":true,"href":"https:\/\/dockaas-bv.webba11.projectlocatie.nl\/de\/wp-json\/wp\/v2\/comments?post=1048"}],"version-history":[{"count":10,"href":"https:\/\/dockaas-bv.webba11.projectlocatie.nl\/de\/wp-json\/wp\/v2\/pages\/1048\/revisions"}],"predecessor-version":[{"id":2687,"href":"https:\/\/dockaas-bv.webba11.projectlocatie.nl\/de\/wp-json\/wp\/v2\/pages\/1048\/revisions\/2687"}],"up":[{"embeddable":true,"href":"https:\/\/dockaas-bv.webba11.projectlocatie.nl\/de\/wp-json\/wp\/v2\/pages\/1059"}],"wp:attachment":[{"href":"https:\/\/dockaas-bv.webba11.projectlocatie.nl\/de\/wp-json\/wp\/v2\/media?parent=1048"}],"curies":[{"name":"wp","href":"https:\/\/api.w.org\/{rel}","templated":true}]}}