{"id":1487,"date":"2022-04-28T09:20:10","date_gmt":"2022-04-28T07:20:10","guid":{"rendered":"https:\/\/dockaasbv.nl\/?page_id=1487"},"modified":"2022-08-22T10:44:25","modified_gmt":"2022-08-22T08:44:25","slug":"unsere-produktionsstandorte","status":"publish","type":"page","link":"https:\/\/dockaas-bv.webba11.projectlocatie.nl\/de\/uber-uns\/unsere-produktionsstandorte\/","title":{"rendered":"Unsere Produktionsstandorte"},"content":{"rendered":"<section style=\"background-image:linear-gradient(to bottom, rgba(0, 5, 25, 0.4), rgba(0, 5, 25, 0.4)),url(' https:\/\/dockaas.webba11.projectlocatie.nl\/app\/uploads\/sites\/2\/2022\/04\/Luchtfoto-ALT-1-A6031432-2.jpg ');background-repeat:no-repeat;background-size:cover;background-position:center;\"\n    class=\"flex items-center\">\n    <div class=\"top-0 left-0 h-full w-full relative px-4\">\n        <div class=\"container mx-auto text-center lg:text-left pt-40\">\n            <div class=\"hero-title\">\n                                <h1 class=\"text-[2.75rem] md:text-[4rem] leading-tight text-white drop-shadow-xl break-words lg:px-8 lg:border-l-[5px] lg:border-secondary\">\n                    <p>Zwei <strong>Produktionsstandorte<\/strong><\/p>\n\n                <\/h1>\n                                \n                \n            <\/div>\n        <\/div>\n\n                <div class=\"container mx-auto py-6 text-white mt-24\">\n            <p id=\"breadcrumbs\"><span><span><a href=\"https:\/\/dockaas-bv.webba11.projectlocatie.nl\/de\/\">Home<\/a><\/span><\/span><\/p>        <\/div>\n        \n    <\/div>\n<\/section>\n\n\n\n<section  class=\"py-16 bg-lighter\">\n                 \n    <div class=\"flex flex-col gap-10 lg:w-[55rem] px-4 m-auto\">\n        \n                <div class=\"text-primary-dark font-light text-2xl leading-normal\">\n            <p>Beide Produktionsstandorte von DOC Kaas B.V. befinden sich in Hoogeveen (Niederlande). In unserem Werk in der Alteveerstraat stellen wir seit 1896 Molkereiprodukte her. Das Geb\u00e4ude selbst ist historisch, beherbergt aber modernste Produktionseinrichtungen!<\/p>\n<p>&nbsp;<\/p>\n<p>Ein St\u00fcck weiter, im Molkereipark, befindet sich unser gr\u00f6\u00dftes Betriebsgeb\u00e4ude, das 2003 in Betrieb genommen wurde. Hier ist auch die Hauptgesch\u00e4ftsstelle unseres Unternehmens untergebracht.<\/p>\n\n        <\/div>\n        \n            <\/div>\n\n            <\/section>\n\n\n<section  id=\"molkereipark\"  style=\"background:url('https:\/\/dockaas.webba11.projectlocatie.nl\/app\/uploads\/sites\/2\/2022\/04\/Luchtfoto-ZPH-DSC_1339-scaled.jpg');background-repeat:no-repeat;background-size:cover;background-position:center;\" class=\"my-16\">\n    <div class=\"top-0 left-0 h-full w-full bg-gradient-to-t from-lighter relative py-24 px-4 min-h-[30rem]\">\n                <div class=\"container mx-auto flex lg:px-8 justify-center\">\n            <div class=\"bg-white p-8 md:p-12 rounded-xl shadow-lg z-[1] image\">\n                                <h2 class=\"px-4 border-l-8 border-secondary text-[2rem] md:text-[2.75rem] leading-tight text-primary-light w-full xl:w-[44rem]\"><p>Der\u00a0<strong>Molkereipark<\/strong><\/p>\n<\/h2>\n                                                <div class=\"lg:pl-8 font-light text-grey w-full lg:w-[44rem] leading-7 relative mt-4\">\n                    <p>Das Besondere am Molkereipark ist, dass hier mehrere Unternehmensteile der DMK Group ans\u00e4ssig sind, die verschiedene Abschnitte der K\u00e4seproduktionskette abdecken. Dass sich die Anlieferung der Milch, die K\u00e4seherstellung und die Molkereiverarbeitung am selben Standort befinden, kommt sowohl der Nachhaltigkeit als auch der Kosteneffizienz zugute.<\/p>\n\n                <\/div>\n                \n                            <\/div>\n        <\/div>\n            <\/div>\n<\/section>\n\n\n\n<section  class=\"py-16 bg-lighter\">\n                 \n    <div class=\"w-full lg:w-[55rem] flex flex-col gap-6 content px-4 m-auto\">\n\n        \n                <div class=\"text-grey leading-7 font-light large\">\n            <p>Im Molkereipark, direkt an der A37 gelegen, stellen wir K\u00e4se in Bl\u00f6cken her, sowohl natur- als auch foliengereift (ohne Rinde). Direkt neben der Fabrik befindet sich das Molkewerk von <a href=\"https:\/\/www.wheyco.de\/\" target=\"_blank\" rel=\"noopener\">wheyco<\/a>, ebenfalls ein Unternehmen der DMK Group. Die bei der K\u00e4seherstellung anfallende Molke wird \u00fcber ein Rohrleitungssystem in das Molkewerk bef\u00f6rdert, in dem daraus Protein- und Laktosepulver hergestellt wird. Protein- und Laktosepulver sind under anderem wichtige Bestandteile von Sport-, Di\u00e4t- und Seniorennahrung, aber auch von Backwaren, Schokolade und Futtermitteln. Dank der Nachbarschaft der beiden Werke er\u00fcbrigt sich der Molketransport, was zur Nachhaltigkeit des Produktionsprozesses beitr\u00e4gt.<\/p>\n\n        <\/div>\n        \n        \n            <\/div>\n\n            <\/section>\n\n\n<section  class=\"my-8\">\n    <div class=\"mx-auto grid gap-6 md:grid-cols-2 w-full lg:w-[45rem] px-4\">\n                <img decoding=\"async\" src=\"https:\/\/dockaas.webba11.projectlocatie.nl\/app\/uploads\/sites\/2\/2022\/04\/het-zuivelpark.jpg\" class=\"w-full object-cover rounded-2xl shadow-lg aspect-video md:h-[20rem]\" alt=\"Unsere Produktionsstandorte\" \/>\n                <img decoding=\"async\" src=\"https:\/\/dockaas.webba11.projectlocatie.nl\/app\/uploads\/sites\/2\/2022\/04\/het-zuivelpark2.jpg\" class=\"w-full object-cover rounded-2xl shadow-lg aspect-video md:h-[20rem]\" alt=\"Unsere Produktionsstandorte\" \/>\n    \n    <\/div>\n<\/section>\n\n\n\n<section  class=\"py-16 bg-lighter\">\n                 \n    <div class=\"w-full lg:w-[55rem] flex flex-col gap-6 content px-4 m-auto\">\n\n        \n                <div class=\"text-grey leading-7 font-light large\">\n            <p>Auf dem Gel\u00e4nde des Molkereiparks befinden sich auch zwei Lager: eines f\u00fcr natur- und eines f\u00fcr foliengereiften K\u00e4se. Damit sind mehrere wichtige Glieder der K\u00e4seproduktionskette am selben Standort vereint. Dar\u00fcber hinaus sind hier auch die Hauptgesch\u00e4ftsstellen von <a href=\"https:\/\/www.dpsupply.com\/\" target=\"_blank\" rel=\"noopener\">DP Supply<\/a> und <a href=\"https:\/\/www.uniekaas.nl\/\">Uniekaas Holland B.V.<\/a> untergebracht, die beide ebenfalls der DMK Group angeh\u00f6ren.<\/p>\n\n        <\/div>\n        \n        \n            <\/div>\n\n            <\/section>\n\n\n<section  class=\"my-8\">\n    <div class=\"mx-auto pt-4 w-full lg:w-[45rem] px-4 h-80 md:h-[35rem]\">\n    <span class=\"\">\n        <img decoding=\"async\" src=\"https:\/\/dockaas.webba11.projectlocatie.nl\/app\/uploads\/sites\/2\/2022\/04\/het-zuivelpark3.jpg\" class=\"w-full h-full object-cover relative rounded-2xl shadow-lg\" alt=\"Unsere Produktionsstandorte\" \/>\n    <\/span>\n    <\/div>\n<\/section>\n\n\n\n<section  id=\"alteveerstraat\"  style=\"background:url('https:\/\/dockaas.webba11.projectlocatie.nl\/app\/uploads\/sites\/2\/2022\/04\/Luchtfoto-ALT-1-A6031432-scaled.jpg');background-repeat:no-repeat;background-size:cover;background-position:center;\" class=\"my-16\">\n    <div class=\"top-0 left-0 h-full w-full bg-gradient-to-t from-lighter relative py-24 px-4 min-h-[30rem]\">\n                <div class=\"container mx-auto flex lg:px-8 justify-center\">\n            <div class=\"bg-white p-8 md:p-12 rounded-xl shadow-lg z-[1] image\">\n                                <h2 class=\"px-4 border-l-8 border-secondary text-[2rem] md:text-[2.75rem] leading-tight text-primary-light w-full xl:w-[44rem]\"><p><strong>Alteveerstraat <\/strong><\/p>\n<\/h2>\n                                                <div class=\"lg:pl-8 font-light text-grey w-full lg:w-[44rem] leading-7 relative mt-4\">\n                    <p>In der Alteveerstraat in Hoogeveen befindet sich die urspr\u00fcngliche Fabrik von DOC Kaas, die schon 1896 den Betrieb aufnahm. Die bewegte Geschichte des denkmalgesch\u00fctzten Geb\u00e4udes ist eng mit moderner Maschinentechnologie verwoben. Vergangenheit und Gegenwart kommen hier auf eindrucksvolle Weise zusammen. An diesem Standort produzieren wir die gro\u00dfen runden K\u00e4selaibe, und die als Nebenprodukt anfallende Molke verarbeiten wir zu Molkekonzentrat und Molkepulver.<\/p>\n\n                <\/div>\n                \n                            <\/div>\n        <\/div>\n            <\/div>\n<\/section>\n\n\n\n<section  class=\"py-16 bg-lighter\">\n                 \n    <div class=\"w-full lg:w-[55rem] flex flex-col gap-6 content px-4 m-auto\">\n\n        \n                <div class=\"text-grey leading-7 font-light large\">\n            <p>In der Fabrik in der Alteveerstraat k\u00f6nnen j\u00e4hrlich 34.000 Tonnen K\u00e4se produziert werden. Hier stellen wir vor allem naturgereiften K\u00e4se her. Da mehrere kleinere Milchtanks zur Verf\u00fcgung stehen, k\u00f6nnen verschiedene Milchstr\u00f6me \u2013 beispielsweise Weidemilch und die gentechnikfreie VLOG-Milch \u2013 voneinander getrennt bleiben. Darum eignet sich das Werk in der Alteveerstraat vor allem f\u00fcr K\u00e4sespezialit\u00e4ten. An diesem Standort stehen drei Entladepl\u00e4tze f\u00fcr Milchsammelwagen zur Verf\u00fcgung.<\/p>\n<p>&nbsp;<\/p>\n<p>In der Fabrik in der Alteveerstraat wird auch die Molke eingedampft und verpulvert. Als 30-prozentiges Konzentrat ist die Molke kompakter, was die Auslieferung vereinfacht. So verarbeiten wir das Produkt also schon teilweise f\u00fcr unser Schwesterunternehmen <a href=\"https:\/\/www.wheyco.de\/\" target=\"_blank\" rel=\"noopener\">wheyco<\/a>. Das bei der Molkeverarbeitung anfallende Wasser wird teilweise zu Prozesswasser aufbereitet, was zur Nachhaltigkeit des Produktionsprozesses beitr\u00e4gt.<\/p>\n\n        <\/div>\n        \n        \n            <\/div>\n\n            <\/section>\n","protected":false},"excerpt":{"rendered":"","protected":false},"author":4,"featured_media":0,"parent":950,"menu_order":0,"comment_status":"closed","ping_status":"closed","template":"","meta":{"_acf_changed":false,"inline_featured_image":false,"footnotes":""},"class_list":["post-1487","page","type-page","status-publish","hentry"],"acf":[],"yoast_head":"<!-- This site is optimized with the Yoast SEO plugin v25.3.1 - https:\/\/yoast.com\/wordpress\/plugins\/seo\/ -->\n<title>Unsere Produktionsstandorte &#8211; DOC Kaas B.V.<\/title>\n<meta name=\"description\" content=\"Beide Produktionsstandorte von DOC Kaas B.V. befinden sich in Hoogeveen (Niederlande). Lesen Sie hier mehr.\" \/>\n<meta name=\"robots\" content=\"noindex, follow, max-snippet:-1, max-image-preview:large, max-video-preview:-1\" \/>\n<meta property=\"og:locale\" content=\"de_DE\" \/>\n<meta property=\"og:type\" content=\"article\" \/>\n<meta property=\"og:title\" content=\"Unsere Produktionsstandorte &#8211; DOC Kaas B.V.\" \/>\n<meta property=\"og:description\" content=\"Beide Produktionsstandorte von DOC Kaas B.V. befinden sich in Hoogeveen (Niederlande). Lesen Sie hier mehr.\" \/>\n<meta property=\"og:url\" content=\"https:\/\/dockaas-bv.webba11.projectlocatie.nl\/over-ons\/onze-productielocaties\/\" \/>\n<meta property=\"og:site_name\" content=\"DOC Kaas B.V.\" \/>\n<meta property=\"article:modified_time\" content=\"2022-08-22T08:44:25+00:00\" \/>\n<meta name=\"twitter:card\" content=\"summary_large_image\" \/>\n<script type=\"application\/ld+json\" class=\"yoast-schema-graph\">{\"@context\":\"https:\/\/schema.org\",\"@graph\":[{\"@type\":\"WebPage\",\"@id\":\"https:\/\/dockaas-bv.webba11.projectlocatie.nl\/over-ons\/onze-productielocaties\/\",\"url\":\"https:\/\/dockaas-bv.webba11.projectlocatie.nl\/over-ons\/onze-productielocaties\/\",\"name\":\"Unsere Produktionsstandorte &#8211; DOC Kaas B.V.\",\"isPartOf\":{\"@id\":\"https:\/\/dockaas-bv.webba11.projectlocatie.nl\/de\/#website\"},\"datePublished\":\"2022-04-28T07:20:10+00:00\",\"dateModified\":\"2022-08-22T08:44:25+00:00\",\"description\":\"Beide Produktionsstandorte von DOC Kaas B.V. befinden sich in Hoogeveen (Niederlande). Lesen Sie hier mehr.\",\"breadcrumb\":{\"@id\":\"https:\/\/dockaas-bv.webba11.projectlocatie.nl\/over-ons\/onze-productielocaties\/#breadcrumb\"},\"inLanguage\":\"de-DE\",\"potentialAction\":[{\"@type\":\"ReadAction\",\"target\":[\"https:\/\/dockaas-bv.webba11.projectlocatie.nl\/over-ons\/onze-productielocaties\/\"]}]},{\"@type\":\"BreadcrumbList\",\"@id\":\"https:\/\/dockaas-bv.webba11.projectlocatie.nl\/over-ons\/onze-productielocaties\/#breadcrumb\",\"itemListElement\":[{\"@type\":\"ListItem\",\"position\":1,\"name\":\"Home\",\"item\":\"https:\/\/dockaas-bv.webba11.projectlocatie.nl\/de\/\"},{\"@type\":\"ListItem\",\"position\":2,\"name\":\"\u00dcber uns\",\"item\":\"https:\/\/dockaas-bv.webba11.projectlocatie.nl\/over-ons\/\"},{\"@type\":\"ListItem\",\"position\":3,\"name\":\"Unsere Produktionsstandorte\"}]},{\"@type\":\"WebSite\",\"@id\":\"https:\/\/dockaas-bv.webba11.projectlocatie.nl\/de\/#website\",\"url\":\"https:\/\/dockaas-bv.webba11.projectlocatie.nl\/de\/\",\"name\":\"DOC Kaas B.V.\",\"description\":\"Kaasmaken kunnen wij  als geen ander!\",\"publisher\":{\"@id\":\"https:\/\/dockaas-bv.webba11.projectlocatie.nl\/de\/#organization\"},\"potentialAction\":[{\"@type\":\"SearchAction\",\"target\":{\"@type\":\"EntryPoint\",\"urlTemplate\":\"https:\/\/dockaas-bv.webba11.projectlocatie.nl\/de\/?s={search_term_string}\"},\"query-input\":{\"@type\":\"PropertyValueSpecification\",\"valueRequired\":true,\"valueName\":\"search_term_string\"}}],\"inLanguage\":\"de-DE\"},{\"@type\":\"Organization\",\"@id\":\"https:\/\/dockaas-bv.webba11.projectlocatie.nl\/de\/#organization\",\"name\":\"DOC Kaas BV\",\"url\":\"https:\/\/dockaas-bv.webba11.projectlocatie.nl\/de\/\",\"logo\":{\"@type\":\"ImageObject\",\"inLanguage\":\"de-DE\",\"@id\":\"https:\/\/dockaas-bv.webba11.projectlocatie.nl\/de\/#\/schema\/logo\/image\/\",\"url\":\"https:\/\/dockaas.nl\/app\/uploads\/sites\/2\/2022\/04\/favicon.png\",\"contentUrl\":\"https:\/\/dockaas.nl\/app\/uploads\/sites\/2\/2022\/04\/favicon.png\",\"width\":500,\"height\":500,\"caption\":\"DOC Kaas BV\"},\"image\":{\"@id\":\"https:\/\/dockaas-bv.webba11.projectlocatie.nl\/de\/#\/schema\/logo\/image\/\"}}]}<\/script>\n<!-- \/ Yoast SEO plugin. -->","yoast_head_json":{"title":"Unsere Produktionsstandorte &#8211; DOC Kaas B.V.","description":"Beide Produktionsstandorte von DOC Kaas B.V. befinden sich in Hoogeveen (Niederlande). Lesen Sie hier mehr.","robots":{"index":"noindex","follow":"follow","max-snippet":"max-snippet:-1","max-image-preview":"max-image-preview:large","max-video-preview":"max-video-preview:-1"},"og_locale":"de_DE","og_type":"article","og_title":"Unsere Produktionsstandorte &#8211; DOC Kaas B.V.","og_description":"Beide Produktionsstandorte von DOC Kaas B.V. befinden sich in Hoogeveen (Niederlande). Lesen Sie hier mehr.","og_url":"https:\/\/dockaas-bv.webba11.projectlocatie.nl\/over-ons\/onze-productielocaties\/","og_site_name":"DOC Kaas B.V.","article_modified_time":"2022-08-22T08:44:25+00:00","twitter_card":"summary_large_image","schema":{"@context":"https:\/\/schema.org","@graph":[{"@type":"WebPage","@id":"https:\/\/dockaas-bv.webba11.projectlocatie.nl\/over-ons\/onze-productielocaties\/","url":"https:\/\/dockaas-bv.webba11.projectlocatie.nl\/over-ons\/onze-productielocaties\/","name":"Unsere Produktionsstandorte &#8211; DOC Kaas B.V.","isPartOf":{"@id":"https:\/\/dockaas-bv.webba11.projectlocatie.nl\/de\/#website"},"datePublished":"2022-04-28T07:20:10+00:00","dateModified":"2022-08-22T08:44:25+00:00","description":"Beide Produktionsstandorte von DOC Kaas B.V. befinden sich in Hoogeveen (Niederlande). Lesen Sie hier mehr.","breadcrumb":{"@id":"https:\/\/dockaas-bv.webba11.projectlocatie.nl\/over-ons\/onze-productielocaties\/#breadcrumb"},"inLanguage":"de-DE","potentialAction":[{"@type":"ReadAction","target":["https:\/\/dockaas-bv.webba11.projectlocatie.nl\/over-ons\/onze-productielocaties\/"]}]},{"@type":"BreadcrumbList","@id":"https:\/\/dockaas-bv.webba11.projectlocatie.nl\/over-ons\/onze-productielocaties\/#breadcrumb","itemListElement":[{"@type":"ListItem","position":1,"name":"Home","item":"https:\/\/dockaas-bv.webba11.projectlocatie.nl\/de\/"},{"@type":"ListItem","position":2,"name":"\u00dcber uns","item":"https:\/\/dockaas-bv.webba11.projectlocatie.nl\/over-ons\/"},{"@type":"ListItem","position":3,"name":"Unsere Produktionsstandorte"}]},{"@type":"WebSite","@id":"https:\/\/dockaas-bv.webba11.projectlocatie.nl\/de\/#website","url":"https:\/\/dockaas-bv.webba11.projectlocatie.nl\/de\/","name":"DOC Kaas B.V.","description":"Kaasmaken kunnen wij  als geen ander!","publisher":{"@id":"https:\/\/dockaas-bv.webba11.projectlocatie.nl\/de\/#organization"},"potentialAction":[{"@type":"SearchAction","target":{"@type":"EntryPoint","urlTemplate":"https:\/\/dockaas-bv.webba11.projectlocatie.nl\/de\/?s={search_term_string}"},"query-input":{"@type":"PropertyValueSpecification","valueRequired":true,"valueName":"search_term_string"}}],"inLanguage":"de-DE"},{"@type":"Organization","@id":"https:\/\/dockaas-bv.webba11.projectlocatie.nl\/de\/#organization","name":"DOC Kaas BV","url":"https:\/\/dockaas-bv.webba11.projectlocatie.nl\/de\/","logo":{"@type":"ImageObject","inLanguage":"de-DE","@id":"https:\/\/dockaas-bv.webba11.projectlocatie.nl\/de\/#\/schema\/logo\/image\/","url":"https:\/\/dockaas.nl\/app\/uploads\/sites\/2\/2022\/04\/favicon.png","contentUrl":"https:\/\/dockaas.nl\/app\/uploads\/sites\/2\/2022\/04\/favicon.png","width":500,"height":500,"caption":"DOC Kaas BV"},"image":{"@id":"https:\/\/dockaas-bv.webba11.projectlocatie.nl\/de\/#\/schema\/logo\/image\/"}}]}},"_links":{"self":[{"href":"https:\/\/dockaas-bv.webba11.projectlocatie.nl\/de\/wp-json\/wp\/v2\/pages\/1487","targetHints":{"allow":["GET"]}}],"collection":[{"href":"https:\/\/dockaas-bv.webba11.projectlocatie.nl\/de\/wp-json\/wp\/v2\/pages"}],"about":[{"href":"https:\/\/dockaas-bv.webba11.projectlocatie.nl\/de\/wp-json\/wp\/v2\/types\/page"}],"author":[{"embeddable":true,"href":"https:\/\/dockaas-bv.webba11.projectlocatie.nl\/de\/wp-json\/wp\/v2\/users\/4"}],"replies":[{"embeddable":true,"href":"https:\/\/dockaas-bv.webba11.projectlocatie.nl\/de\/wp-json\/wp\/v2\/comments?post=1487"}],"version-history":[{"count":19,"href":"https:\/\/dockaas-bv.webba11.projectlocatie.nl\/de\/wp-json\/wp\/v2\/pages\/1487\/revisions"}],"predecessor-version":[{"id":3120,"href":"https:\/\/dockaas-bv.webba11.projectlocatie.nl\/de\/wp-json\/wp\/v2\/pages\/1487\/revisions\/3120"}],"up":[{"embeddable":true,"href":"https:\/\/dockaas-bv.webba11.projectlocatie.nl\/de\/wp-json\/wp\/v2\/pages\/950"}],"wp:attachment":[{"href":"https:\/\/dockaas-bv.webba11.projectlocatie.nl\/de\/wp-json\/wp\/v2\/media?parent=1487"}],"curies":[{"name":"wp","href":"https:\/\/api.w.org\/{rel}","templated":true}]}}