{"id":2741,"date":"2022-05-06T12:07:24","date_gmt":"2022-05-06T12:07:24","guid":{"rendered":"https:\/\/dockaasbv.nl\/?page_id=2741"},"modified":"2022-05-06T12:10:03","modified_gmt":"2022-05-06T12:10:03","slug":"haftungsausschluss","status":"publish","type":"page","link":"https:\/\/dockaas-bv.webba11.projectlocatie.nl\/de\/haftungsausschluss\/","title":{"rendered":"Haftungsausschluss"},"content":{"rendered":"<section  class=\"py-16 bg-lighter\">\n                 \n    <div class=\"w-full lg:w-[55rem] flex flex-col gap-6 content px-4 m-auto\">\n\n                <div class=\"text-primary-light text-[2.75rem] relative after:content[''] after:h-0.5 after:w-24 after:bg-secondary after:absolute after:mt-2 leading-tight break-normal title\">\n            <p><strong>Haftungsausschluss<\/strong><\/p>\n\n        <\/div>\n        \n                <div class=\"text-grey leading-7 font-light large\">\n            <p>Auf dieser Seite finden Sie den Haftungsausschluss von <a href=\"http:\/\/www.dockaas.nl\">www.dockaas.nl<\/a>, wie er von DOC Kaas GmbH zur Verf\u00fcgung gestellt wird. In diesem Haftungsausschluss geben wir die Bedingungen an, unter denen wir Ihnen die Informationen auf unserer Website zur Verf\u00fcgung stellen.<\/p>\n<p>&nbsp;<\/p>\n<p><em><strong>Geistiges Eigentum<\/strong><\/em><\/p>\n<p>Die Nutzung der Informationen auf dieser Website ist kostenlos, solange Sie diese Informationen nicht kopieren, verbreiten oder in irgendeiner anderen Weise nutzen oder missbrauchen. Sie d\u00fcrfen die Informationen auf dieser Website nur in \u00dcbereinstimmung mit den zwingenden gesetzlichen Bestimmungen weiterverwenden.<\/p>\n<p>&nbsp;<\/p>\n<p>Ohne die ausdr\u00fcckliche schriftliche Genehmigung von DOC Kaas GmbH ist es nicht gestattet, Texte oder andere Materialien auf dieser Website weiterzuverwenden. Das geistige Eigentum geh\u00f6rt DOC Kaas GmbH.<\/p>\n<p>&nbsp;<\/p>\n<p><em><strong>Cookies<\/strong><\/em><\/p>\n<p>Die Verwendung von Cookies auf dieser Website dient ausschlie\u00dflich dem Zweck, Ihnen die bestm\u00f6gliche Website zu bieten. DOC Kaas GmbH garantiert, dass Ihre Daten niemals verkauft oder an Dritte weitergegeben werden. Ihre Privatsph\u00e4re steht an erster Stelle.<\/p>\n<p>&nbsp;<\/p>\n<p><em><strong>Keine Garantie f\u00fcr die Richtigkeit<\/strong><\/em><\/p>\n<p>Wir bem\u00fchen uns, die auf unserer Website angegebenen Preise so genau wie m\u00f6glich zu halten. Auftretende Fehler, die als Programmier- oder Tippfehler erkennbar sind, stellen niemals einen Grund dar, einen Vertrag oder eine Vereinbarung mit DOC Kaas GmbH zu fordern oder anzunehmen.<\/p>\n<p>&nbsp;<\/p>\n<p>DOC Kaas GmbH ist bestrebt, seine Website so aktuell wie m\u00f6glich zu halten. Sollten trotz dieser Bem\u00fchungen die Informationen oder der Inhalt dieser Website unvollst\u00e4ndig und\/oder fehlerhaft sein, so k\u00f6nnen wir daf\u00fcr keine Haftung \u00fcbernehmen.<\/p>\n<p>&nbsp;<\/p>\n<p>Die Informationen und Produkte auf dieser Website werden ohne jegliche Garantie oder Anspruch auf Richtigkeit angeboten. Wir behalten uns das Recht vor, diese Materialien ohne vorherige Ank\u00fcndigung zu \u00e4ndern, zu entfernen oder neu zu ver\u00f6ffentlichen. DOC Kaas GmbH \u00fcbernimmt keine Haftung f\u00fcr Informationen, die auf Websites enthalten sind, zu denen wir Hyperlinks anbieten.<\/p>\n<p>&nbsp;<\/p>\n<p><em><strong>\u00c4nderungsantr\u00e4ge<\/strong><\/em><\/p>\n<p>Sollte sich dieser Haftungsausschluss \u00e4ndern, finden Sie die aktuellste Version auf dieser Seite.<\/p>\n\n        <\/div>\n        \n        \n            <\/div>\n\n            <\/section>\n","protected":false},"excerpt":{"rendered":"","protected":false},"author":2,"featured_media":0,"parent":0,"menu_order":0,"comment_status":"closed","ping_status":"closed","template":"","meta":{"_acf_changed":false,"inline_featured_image":false,"footnotes":""},"class_list":["post-2741","page","type-page","status-publish","hentry"],"acf":[],"yoast_head":"<!-- This site is optimized with the Yoast SEO plugin v25.3.1 - https:\/\/yoast.com\/wordpress\/plugins\/seo\/ -->\n<title>Haftungsausschluss &#8211; DOC Kaas B.V.<\/title>\n<meta name=\"robots\" content=\"noindex, follow, max-snippet:-1, max-image-preview:large, max-video-preview:-1\" \/>\n<meta property=\"og:locale\" content=\"de_DE\" \/>\n<meta property=\"og:type\" content=\"article\" \/>\n<meta property=\"og:title\" content=\"Haftungsausschluss &#8211; DOC Kaas B.V.\" \/>\n<meta property=\"og:url\" content=\"https:\/\/dockaas-bv.webba11.projectlocatie.nl\/disclaimer\/\" \/>\n<meta property=\"og:site_name\" content=\"DOC Kaas B.V.\" \/>\n<meta property=\"article:modified_time\" content=\"2022-05-06T12:10:03+00:00\" \/>\n<meta name=\"twitter:card\" content=\"summary_large_image\" \/>\n<script type=\"application\/ld+json\" class=\"yoast-schema-graph\">{\"@context\":\"https:\/\/schema.org\",\"@graph\":[{\"@type\":\"WebPage\",\"@id\":\"https:\/\/dockaas-bv.webba11.projectlocatie.nl\/disclaimer\/\",\"url\":\"https:\/\/dockaas-bv.webba11.projectlocatie.nl\/disclaimer\/\",\"name\":\"Haftungsausschluss &#8211; DOC Kaas B.V.\",\"isPartOf\":{\"@id\":\"https:\/\/dockaas-bv.webba11.projectlocatie.nl\/de\/#website\"},\"datePublished\":\"2022-05-06T12:07:24+00:00\",\"dateModified\":\"2022-05-06T12:10:03+00:00\",\"breadcrumb\":{\"@id\":\"https:\/\/dockaas-bv.webba11.projectlocatie.nl\/disclaimer\/#breadcrumb\"},\"inLanguage\":\"de-DE\",\"potentialAction\":[{\"@type\":\"ReadAction\",\"target\":[\"https:\/\/dockaas-bv.webba11.projectlocatie.nl\/disclaimer\/\"]}]},{\"@type\":\"BreadcrumbList\",\"@id\":\"https:\/\/dockaas-bv.webba11.projectlocatie.nl\/disclaimer\/#breadcrumb\",\"itemListElement\":[{\"@type\":\"ListItem\",\"position\":1,\"name\":\"Home\",\"item\":\"https:\/\/dockaas-bv.webba11.projectlocatie.nl\/de\/\"},{\"@type\":\"ListItem\",\"position\":2,\"name\":\"Haftungsausschluss\"}]},{\"@type\":\"WebSite\",\"@id\":\"https:\/\/dockaas-bv.webba11.projectlocatie.nl\/de\/#website\",\"url\":\"https:\/\/dockaas-bv.webba11.projectlocatie.nl\/de\/\",\"name\":\"DOC Kaas B.V.\",\"description\":\"Kaasmaken kunnen wij  als geen ander!\",\"publisher\":{\"@id\":\"https:\/\/dockaas-bv.webba11.projectlocatie.nl\/de\/#organization\"},\"potentialAction\":[{\"@type\":\"SearchAction\",\"target\":{\"@type\":\"EntryPoint\",\"urlTemplate\":\"https:\/\/dockaas-bv.webba11.projectlocatie.nl\/de\/?s={search_term_string}\"},\"query-input\":{\"@type\":\"PropertyValueSpecification\",\"valueRequired\":true,\"valueName\":\"search_term_string\"}}],\"inLanguage\":\"de-DE\"},{\"@type\":\"Organization\",\"@id\":\"https:\/\/dockaas-bv.webba11.projectlocatie.nl\/de\/#organization\",\"name\":\"DOC Kaas BV\",\"url\":\"https:\/\/dockaas-bv.webba11.projectlocatie.nl\/de\/\",\"logo\":{\"@type\":\"ImageObject\",\"inLanguage\":\"de-DE\",\"@id\":\"https:\/\/dockaas-bv.webba11.projectlocatie.nl\/de\/#\/schema\/logo\/image\/\",\"url\":\"https:\/\/dockaas.nl\/app\/uploads\/sites\/2\/2022\/04\/favicon.png\",\"contentUrl\":\"https:\/\/dockaas.nl\/app\/uploads\/sites\/2\/2022\/04\/favicon.png\",\"width\":500,\"height\":500,\"caption\":\"DOC Kaas BV\"},\"image\":{\"@id\":\"https:\/\/dockaas-bv.webba11.projectlocatie.nl\/de\/#\/schema\/logo\/image\/\"}}]}<\/script>\n<!-- \/ Yoast SEO plugin. -->","yoast_head_json":{"title":"Haftungsausschluss &#8211; DOC Kaas B.V.","robots":{"index":"noindex","follow":"follow","max-snippet":"max-snippet:-1","max-image-preview":"max-image-preview:large","max-video-preview":"max-video-preview:-1"},"og_locale":"de_DE","og_type":"article","og_title":"Haftungsausschluss &#8211; DOC Kaas B.V.","og_url":"https:\/\/dockaas-bv.webba11.projectlocatie.nl\/disclaimer\/","og_site_name":"DOC Kaas B.V.","article_modified_time":"2022-05-06T12:10:03+00:00","twitter_card":"summary_large_image","schema":{"@context":"https:\/\/schema.org","@graph":[{"@type":"WebPage","@id":"https:\/\/dockaas-bv.webba11.projectlocatie.nl\/disclaimer\/","url":"https:\/\/dockaas-bv.webba11.projectlocatie.nl\/disclaimer\/","name":"Haftungsausschluss &#8211; DOC Kaas B.V.","isPartOf":{"@id":"https:\/\/dockaas-bv.webba11.projectlocatie.nl\/de\/#website"},"datePublished":"2022-05-06T12:07:24+00:00","dateModified":"2022-05-06T12:10:03+00:00","breadcrumb":{"@id":"https:\/\/dockaas-bv.webba11.projectlocatie.nl\/disclaimer\/#breadcrumb"},"inLanguage":"de-DE","potentialAction":[{"@type":"ReadAction","target":["https:\/\/dockaas-bv.webba11.projectlocatie.nl\/disclaimer\/"]}]},{"@type":"BreadcrumbList","@id":"https:\/\/dockaas-bv.webba11.projectlocatie.nl\/disclaimer\/#breadcrumb","itemListElement":[{"@type":"ListItem","position":1,"name":"Home","item":"https:\/\/dockaas-bv.webba11.projectlocatie.nl\/de\/"},{"@type":"ListItem","position":2,"name":"Haftungsausschluss"}]},{"@type":"WebSite","@id":"https:\/\/dockaas-bv.webba11.projectlocatie.nl\/de\/#website","url":"https:\/\/dockaas-bv.webba11.projectlocatie.nl\/de\/","name":"DOC Kaas B.V.","description":"Kaasmaken kunnen wij  als geen ander!","publisher":{"@id":"https:\/\/dockaas-bv.webba11.projectlocatie.nl\/de\/#organization"},"potentialAction":[{"@type":"SearchAction","target":{"@type":"EntryPoint","urlTemplate":"https:\/\/dockaas-bv.webba11.projectlocatie.nl\/de\/?s={search_term_string}"},"query-input":{"@type":"PropertyValueSpecification","valueRequired":true,"valueName":"search_term_string"}}],"inLanguage":"de-DE"},{"@type":"Organization","@id":"https:\/\/dockaas-bv.webba11.projectlocatie.nl\/de\/#organization","name":"DOC Kaas BV","url":"https:\/\/dockaas-bv.webba11.projectlocatie.nl\/de\/","logo":{"@type":"ImageObject","inLanguage":"de-DE","@id":"https:\/\/dockaas-bv.webba11.projectlocatie.nl\/de\/#\/schema\/logo\/image\/","url":"https:\/\/dockaas.nl\/app\/uploads\/sites\/2\/2022\/04\/favicon.png","contentUrl":"https:\/\/dockaas.nl\/app\/uploads\/sites\/2\/2022\/04\/favicon.png","width":500,"height":500,"caption":"DOC Kaas BV"},"image":{"@id":"https:\/\/dockaas-bv.webba11.projectlocatie.nl\/de\/#\/schema\/logo\/image\/"}}]}},"_links":{"self":[{"href":"https:\/\/dockaas-bv.webba11.projectlocatie.nl\/de\/wp-json\/wp\/v2\/pages\/2741","targetHints":{"allow":["GET"]}}],"collection":[{"href":"https:\/\/dockaas-bv.webba11.projectlocatie.nl\/de\/wp-json\/wp\/v2\/pages"}],"about":[{"href":"https:\/\/dockaas-bv.webba11.projectlocatie.nl\/de\/wp-json\/wp\/v2\/types\/page"}],"author":[{"embeddable":true,"href":"https:\/\/dockaas-bv.webba11.projectlocatie.nl\/de\/wp-json\/wp\/v2\/users\/2"}],"replies":[{"embeddable":true,"href":"https:\/\/dockaas-bv.webba11.projectlocatie.nl\/de\/wp-json\/wp\/v2\/comments?post=2741"}],"version-history":[{"count":2,"href":"https:\/\/dockaas-bv.webba11.projectlocatie.nl\/de\/wp-json\/wp\/v2\/pages\/2741\/revisions"}],"predecessor-version":[{"id":2743,"href":"https:\/\/dockaas-bv.webba11.projectlocatie.nl\/de\/wp-json\/wp\/v2\/pages\/2741\/revisions\/2743"}],"wp:attachment":[{"href":"https:\/\/dockaas-bv.webba11.projectlocatie.nl\/de\/wp-json\/wp\/v2\/media?parent=2741"}],"curies":[{"name":"wp","href":"https:\/\/api.w.org\/{rel}","templated":true}]}}