{"id":887,"date":"2022-04-11T14:05:47","date_gmt":"2022-04-11T12:05:47","guid":{"rendered":"https:\/\/dockaasbv.nl\/hauptseite\/"},"modified":"2022-06-08T13:42:32","modified_gmt":"2022-06-08T11:42:32","slug":"hauptseite","status":"publish","type":"page","link":"https:\/\/dockaas-bv.webba11.projectlocatie.nl\/de\/","title":{"rendered":"Hauptseite"},"content":{"rendered":"<section style=\"background-image:linear-gradient(to bottom, rgba(0, 0, 0, 0.2), rgba(0, 0, 0, 0.2)),url(' https:\/\/dockaas.webba11.projectlocatie.nl\/app\/uploads\/sites\/2\/2022\/05\/Header_HOMEPAGE_20090009281-scaled.jpg ');background-repeat:no-repeat;background-size:cover;background-position:center;\"\n    class=\"\">\n    <div class=\"top-0 left-0 h-full w-full relative px-4 pt-24 pb-48 md:pt-32 lg:pb-64\">\n        <div class=\"container mx-auto text-center lg:text-left lg:px-4\">\n            <div class=\"hero-title\">\n                                <h1 class=\"text-[2.75rem] md:text-[4rem] leading-tight text-white drop-shadow-xl break-words lg:px-8 lg:border-l-[5px] lg:border-secondary\">\n                    <p>Produktionsst\u00e4tte f\u00fcr<\/p>\n<p><strong>K\u00e4se, Milchprodukte &amp; mehr<\/strong><\/p>\n\n                <\/h1>\n                                                <div class=\"mt-4 font-light text-white w-full lg:w-[36rem] leading-7\"><p>Das Geheimnis unseres erstklassigen K\u00e4ses? Die beste Milch, die modernste Technik und viel Erfahrung!<\/p>\n<\/div>\n                \n                                <div class=\"mt-5 flex gap-4 w-full lg:w-[44rem] flex-wrap items-center justify-center lg:justify-start\">\n                    <a href=\"https:\/\/dockaasbv.nl\/de\/uber-uns\/welche-art-von-kaese-wir-herstellen-und-fuer-wen\/\" class=\"text-white bg-white\/60 font-bold px-10 py-3 rounded-2xl flex justify-center w-full xs:w-max group shadow\" target=\"\">\n    Was wir tun\n        <svg class=\"w-6 h-6 transition-all opacity-0 -ml-6 -translate-x-6 group-hover:ml-0 group-hover:opacity-100 group-hover:translate-x-2\"\n            aria-hidden=\"true\" focusable=\"false\" data-prefix=\"fal\" data-icon=\"long-arrow-right\" class=\"svg-inline--fa fa-long-arrow-right fa-w-14\" role=\"img\" xmlns=\"http:\/\/www.w3.org\/2000\/svg\" viewBox=\"0 0 448 512\"><path fill=\"currentColor\" d=\"M311.03 131.515l-7.071 7.07c-4.686 4.686-4.686 12.284 0 16.971L387.887 239H12c-6.627 0-12 5.373-12 12v10c0 6.627 5.373 12 12 12h375.887l-83.928 83.444c-4.686 4.686-4.686 12.284 0 16.971l7.071 7.07c4.686 4.686 12.284 4.686 16.97 0l116.485-116c4.686-4.686 4.686-12.284 0-16.971L328 131.515c-4.686-4.687-12.284-4.687-16.97 0z\"><\/path><\/svg>\n<\/a>\n\n    \n        \n        \n        \n    <a href=\"https:\/\/dockaasbv.nl\/de\/category\/vacancies\/\" class=\"text-white bg-primary-light font-bold px-10 py-3 rounded-2xl flex justify-center w-full xs:w-max group shadow\" target=\"\">\n    Unser Stellenangebot\n        <svg class=\"w-6 h-6 transition-all opacity-0 -ml-6 -translate-x-6 group-hover:ml-0 group-hover:opacity-100 group-hover:translate-x-2\"\n            aria-hidden=\"true\" focusable=\"false\" data-prefix=\"fal\" data-icon=\"long-arrow-right\" class=\"svg-inline--fa fa-long-arrow-right fa-w-14\" role=\"img\" xmlns=\"http:\/\/www.w3.org\/2000\/svg\" viewBox=\"0 0 448 512\"><path fill=\"currentColor\" d=\"M311.03 131.515l-7.071 7.07c-4.686 4.686-4.686 12.284 0 16.971L387.887 239H12c-6.627 0-12 5.373-12 12v10c0 6.627 5.373 12 12 12h375.887l-83.928 83.444c-4.686 4.686-4.686 12.284 0 16.971l7.071 7.07c4.686 4.686 12.284 4.686 16.97 0l116.485-116c4.686-4.686 4.686-12.284 0-16.971L328 131.515c-4.686-4.687-12.284-4.687-16.97 0z\"><\/path><\/svg>\n<\/a>\n\n    \n        \n                    <\/div>\n                \n            <\/div>\n        <\/div>\n\n        \n    <\/div>\n<\/section>\n\n<section class=\"-mt-24 lg:-mt-36\">\n    <div class=\"container mx-auto flex flex-col lg:flex-row justify-center px-8 md:px-4\">\n                    \n                        \n            <a href=\"https:\/\/dockaasbv.nl\/de\/uber-uns\/\"\n                class=\"group w-full lg:w-1\/3 h-60 xl:h-72 overflow-hidden first:rounded-t-md last:rounded-b-md first:lg:rounded-none last:lg:rounded-none first:lg:rounded-l-md last:lg:rounded-r-md transition z-20 relative shadow-md text-white font-normal text-black first:text-white last:text-primary-light first:bg-primary-light last:bg-secondary bg-light last:text-primary-light\">\n                                <div\n                    class=\"absolute top-0 p-8 w-full h-full flex flex-col justify-between transition-all duration-500\">\n\n                    <div class=\"text-[2rem] md:text-[2.25rem] xl:text-[2.5rem] leading-tight\">\n                        <p>Wir sind <strong>DOC Kaas <\/strong><\/p>\n\n                    <\/div>\n\n                    <button class=\"font-bold flex items-center gap-3\">\n                        \u00dcber uns\n                        <svg class=\"bg-contain bg-no-repeat group-hover:translate-x-3 transition\"\n                            xmlns=\"http:\/\/www.w3.org\/2000\/svg\" width=\"51.811\" height=\"13.865\" viewBox=\"0 0 51.811 13.865\">\n                            <g id=\"Group_239\" data-name=\"Group 239\" transform=\"translate(-1380.15 -1151.795)\">\n                                <path id=\"Path_66\" data-name=\"Path 66\" d=\"M5367.9,1162.728h50\" transform=\"translate(-3987 -4)\" fill=\"none\" stroke=\"currentColor\" stroke-linecap=\"round\" stroke-width=\"1.5\"\/>\n                                <path id=\"Path_67\" data-name=\"Path 67\" d=\"M5421.662,1157.492l5.872,5.872-5.872,5.872\" transform=\"translate(-3996.634 -4.636)\" fill=\"none\" stroke=\"currentColor\" stroke-linecap=\"round\" stroke-width=\"1.5\"\/>\n                            <\/g>\n                        <\/svg>\n                    <\/button>\n                <\/div>\n            <\/a>\n\n                                \n                        \n            <a href=\"https:\/\/dockaasbv.nl\/de\/unser-produktionsprozess\/#von-der-kuh-zum-kuhlschrank\"\n                class=\"group w-full lg:w-1\/3 h-60 xl:h-72 overflow-hidden first:rounded-t-md last:rounded-b-md first:lg:rounded-none last:lg:rounded-none first:lg:rounded-l-md last:lg:rounded-r-md transition z-20 relative shadow-md text-white font-normal\">\n                                <img decoding=\"async\" src=\"https:\/\/dockaas.webba11.projectlocatie.nl\/app\/uploads\/sites\/2\/2022\/04\/6-Caso-matic-DOC_7837-scaled.jpg\" class=\"w-full h-full object-cover group-hover:scale-110 transition-all\" alt=\"Hauptseite\" \/>\n                                <div\n                    class=\"absolute top-0 p-8 w-full h-full flex flex-col justify-between transition-all duration-500 bg-gradient-to-r from-primary-dark\/70 to-primary-dark\/70 group-hover:from-primary-dark\/90 group-hover:to-primary-dark\/90\">\n\n                    <div class=\"text-[2rem] md:text-[2.25rem] xl:text-[2.5rem] leading-tight\">\n                        <p>Von der Kuh <strong>zum K\u00fchlschrank<\/strong><\/p>\n\n                    <\/div>\n\n                    <button class=\"font-bold flex items-center gap-3\">\n                        Unser produktionsprozess\n                        <svg class=\"bg-contain bg-no-repeat group-hover:translate-x-3 transition\"\n                            xmlns=\"http:\/\/www.w3.org\/2000\/svg\" width=\"51.811\" height=\"13.865\" viewBox=\"0 0 51.811 13.865\">\n                            <g id=\"Group_239\" data-name=\"Group 239\" transform=\"translate(-1380.15 -1151.795)\">\n                                <path id=\"Path_66\" data-name=\"Path 66\" d=\"M5367.9,1162.728h50\" transform=\"translate(-3987 -4)\" fill=\"none\" stroke=\"currentColor\" stroke-linecap=\"round\" stroke-width=\"1.5\"\/>\n                                <path id=\"Path_67\" data-name=\"Path 67\" d=\"M5421.662,1157.492l5.872,5.872-5.872,5.872\" transform=\"translate(-3996.634 -4.636)\" fill=\"none\" stroke=\"currentColor\" stroke-linecap=\"round\" stroke-width=\"1.5\"\/>\n                            <\/g>\n                        <\/svg>\n                    <\/button>\n                <\/div>\n            <\/a>\n\n                                \n                        \n            <a href=\"https:\/\/dockaasbv.nl\/de\/wichtig-fur-uns\/\"\n                class=\"group w-full lg:w-1\/3 h-60 xl:h-72 overflow-hidden first:rounded-t-md last:rounded-b-md first:lg:rounded-none last:lg:rounded-none first:lg:rounded-l-md last:lg:rounded-r-md transition z-20 relative shadow-md text-white font-normal text-black first:text-white last:text-primary-light first:bg-primary-light last:bg-secondary bg-light last:text-primary-light\">\n                                <div\n                    class=\"absolute top-0 p-8 w-full h-full flex flex-col justify-between transition-all duration-500\">\n\n                    <div class=\"text-[2rem] md:text-[2.25rem] xl:text-[2.5rem] leading-tight\">\n                        <p>Nachhaltig, sicher <strong>und innovativ<\/strong><\/p>\n\n                    <\/div>\n\n                    <button class=\"font-bold flex items-center gap-3\">\n                        Wichtig f\u00fcr uns\n                        <svg class=\"bg-contain bg-no-repeat group-hover:translate-x-3 transition\"\n                            xmlns=\"http:\/\/www.w3.org\/2000\/svg\" width=\"51.811\" height=\"13.865\" viewBox=\"0 0 51.811 13.865\">\n                            <g id=\"Group_239\" data-name=\"Group 239\" transform=\"translate(-1380.15 -1151.795)\">\n                                <path id=\"Path_66\" data-name=\"Path 66\" d=\"M5367.9,1162.728h50\" transform=\"translate(-3987 -4)\" fill=\"none\" stroke=\"currentColor\" stroke-linecap=\"round\" stroke-width=\"1.5\"\/>\n                                <path id=\"Path_67\" data-name=\"Path 67\" d=\"M5421.662,1157.492l5.872,5.872-5.872,5.872\" transform=\"translate(-3996.634 -4.636)\" fill=\"none\" stroke=\"currentColor\" stroke-linecap=\"round\" stroke-width=\"1.5\"\/>\n                            <\/g>\n                        <\/svg>\n                    <\/button>\n                <\/div>\n            <\/a>\n\n                        <\/div>\n<\/section>\n\n\n<section  class=\"py-16 bg-lighter\">\n                 \n    <div class=\"flex flex-col gap-10 lg:w-[55rem] px-4 m-auto\">\n        \n                <div class=\"text-primary-dark font-light text-2xl leading-normal\">\n            <p><strong>DOC Kaas B.V. ist ein niederl\u00e4ndischer K\u00e4sehersteller mit einer langen, bewegten Geschichte, die bis ins Jahr 1896 zur\u00fcckgeht. An unseren beiden Produktionsstandorten in Hoogeveen stellen wir verschiedene K\u00e4sesorten f\u00fcr unsere Kunden her. Wir bieten ein reichhaltiges Sortiment von ausgezeichneter Qualit\u00e4t. Hergestellt von unseren \u00fcber zweihundert Mitarbeitern, die mit Wissen und Kompetenz die K\u00e4seherstellung zu einer wahren Handwerkskunst gemacht haben.<\/strong><\/p>\n\n        <\/div>\n        \n            <\/div>\n\n            <\/section>\n\n\n<section class=\"flex items-center gap-4 px-4 banner-block flex-col justify-center h-[28.125rem]\"\n        style=\"background-image:linear-gradient(to bottom, rgba(0, 0, 0, 0.35), rgba(0, 0, 0, 0.35)),url('https:\/\/dockaas.webba11.projectlocatie.nl\/app\/uploads\/sites\/2\/2022\/04\/DOC-kaas_089-scaled.jpg');background-repeat:no-repeat;background-position:center;background-size:cover;\"\n    >\n\n    <div class=\"text-white text-[2.75rem] md:text-[4rem] lg:w-[45rem] text-center\">\n                <div><p>Authentisches Niederl\u00e4ndisch <b>vom Feinsten<\/b><\/p>\n<\/div>\n    <\/div>\n\n            <div class=\"flex flex-wrap items-center gap-6 mt-4\">\n            <a href=\"https:\/\/youtu.be\/CR-z-WEtmr8\" class=\"text-white bg-primary-light font-bold px-10 py-3 rounded-2xl flex justify-center w-full xs:w-max group shadow\" target=\"_blank\">\n    Sehen Sie sich unseren kurzen Einf\u00fchrungsfilm an\n        <svg class=\"w-6 h-6 transition-all opacity-0 -ml-6 -translate-x-6 group-hover:ml-0 group-hover:opacity-100 group-hover:translate-x-2\"\n            aria-hidden=\"true\" focusable=\"false\" data-prefix=\"fal\" data-icon=\"long-arrow-right\" class=\"svg-inline--fa fa-long-arrow-right fa-w-14\" role=\"img\" xmlns=\"http:\/\/www.w3.org\/2000\/svg\" viewBox=\"0 0 448 512\"><path fill=\"currentColor\" d=\"M311.03 131.515l-7.071 7.07c-4.686 4.686-4.686 12.284 0 16.971L387.887 239H12c-6.627 0-12 5.373-12 12v10c0 6.627 5.373 12 12 12h375.887l-83.928 83.444c-4.686 4.686-4.686 12.284 0 16.971l7.071 7.07c4.686 4.686 12.284 4.686 16.97 0l116.485-116c4.686-4.686 4.686-12.284 0-16.971L328 131.515c-4.686-4.687-12.284-4.687-16.97 0z\"><\/path><\/svg>\n<\/a>\n\n    \n        \n            <\/div>\n    <\/section>\n\n\n<section  class=\"my-24 flex gap-10 xl:gap-32 flex-col-reverse xl:flex-row-reverse\">\n    <div class=\"bg-light w-full h-full z-[1] relative rounded-l-full pr-8 pl-4 sm:pr-12 sm:pl-8 xl:pr-56 xl:pl-0 2xl:w-1\/2 py-16 lg:py-24 flex justify-start\">\n        <span class=\"relative w-full before:z-0 before:content[''] before:w-1\/2 before:h-56 before:w-1\/2 before:xl:h-60 before:bg-secondary before:absolute before:rounded-2xl flex before:-translate-y-3 before:translate-x-3 before:md:-translate-y-4 before:md:translate-x-4 before:-right-0 justify-end\">\n        <img decoding=\"async\" src=\" https:\/\/dockaas.webba11.projectlocatie.nl\/app\/uploads\/sites\/2\/2022\/04\/jaren-negentig.jpg \" alt=\"Hauptseite\" class=\"w-full h-full rounded-xl object-cover relative shadow-2xl h-[28.125rem]\" \/>\n        <\/span>\n    <\/div>\n\n    <div class=\"px-12 sm:px-16 md:px-24 w-full flex flex-col justify-center gap-6 xl:pr-0 lg:pl-16 xl:pl-56 2xl:w-1\/2\">\n                <h2 class=\"px-4 border-l-5 md:border-l-8 border-secondary text-[2rem] md:text-[2.75rem] leading-tight text-primary-light w-full max-w-none xl:max-w-[44rem] title\"><p>Seit 1896 t\u00e4tig in <strong>der Molkerei<\/strong><\/p>\n<\/h2>\n                        <div class=\"text-grey w-full max-w-none xl:max-w-[44rem] leading-7 relative font-light mt-4 xl:pl-8 xl:pr-8\">\n            <p>DOC Kaas hat eine lange und reiche Geschichte, die bis zum 6. Januar 1896 zur\u00fcckreicht. Damals wurde unser erster Produktionsstandort in Hoogeveen in Betrieb genommen.<\/p>\n\n        <\/div>\n        \n                <div class=\"mt-4 flex flex-wrap items-center gap-4 lg:gap-6 lg:pl-8\">\n            <a href=\"https:\/\/dockaasbv.nl\/de\/uber-uns\/\" class=\"text-primary-light py-1 font-bold flex gap-2 justify-center group\" target=\"\">\n    Unsere reiche Geschichte\n        <svg class=\"w-6 h-6 transition-all group-hover:translate-x-2\"\n            aria-hidden=\"true\" focusable=\"false\" data-prefix=\"fal\" data-icon=\"long-arrow-right\" class=\"svg-inline--fa fa-long-arrow-right fa-w-14\" role=\"img\" xmlns=\"http:\/\/www.w3.org\/2000\/svg\" viewBox=\"0 0 448 512\"><path fill=\"currentColor\" d=\"M311.03 131.515l-7.071 7.07c-4.686 4.686-4.686 12.284 0 16.971L387.887 239H12c-6.627 0-12 5.373-12 12v10c0 6.627 5.373 12 12 12h375.887l-83.928 83.444c-4.686 4.686-4.686 12.284 0 16.971l7.071 7.07c4.686 4.686 12.284 4.686 16.97 0l116.485-116c4.686-4.686 4.686-12.284 0-16.971L328 131.515c-4.686-4.687-12.284-4.687-16.97 0z\"><\/path><\/svg>\n<\/a>\n\n    \n        \n            <\/div>\n            <\/div>\n<\/section>\n\n\n<section  class=\"py-16 bg-lighter\">\n                 \n    <div class=\"w-full lg:w-[55rem] flex flex-col gap-6 content px-4 m-auto\">\n\n                <div class=\"text-primary-light text-[2.75rem] relative after:content[''] after:h-0.5 after:w-24 after:bg-secondary after:absolute after:mt-2 leading-tight break-normal title\">\n            <p>Unsere 2 <strong>Produktionsst\u00e4tten in Hoogeveen<\/strong><\/p>\n\n        <\/div>\n        \n                <div class=\"text-grey leading-7 font-light large\">\n            <p>DOC Kaas B.V. hat zwei Produktionsstandorte in Hoogeveen. In der Alteveerstraat werden seit 1896 Molkereiprodukte hergestellt. Der Produktionsstandort im Zuivelpark wurde im Jahr 2003 in Betrieb genommen. Hier befindet sich auch der Hauptsitz des Unternehmens.<\/p>\n\n        <\/div>\n        \n                <div class=\"mt-4 flex flex-wrap items-center gap-6\">\n            <a href=\"https:\/\/dockaasbv.nl\/de\/uber-uns\/unsere-produktionsstandorte\/\" class=\"text-white bg-primary-light font-bold px-10 py-3 rounded-2xl flex justify-center w-full xs:w-max group shadow\" target=\"\">\n    Mehr \u00fcber unsere Produktionsst\u00e4tten\n        <svg class=\"w-6 h-6 transition-all opacity-0 -ml-6 -translate-x-6 group-hover:ml-0 group-hover:opacity-100 group-hover:translate-x-2\"\n            aria-hidden=\"true\" focusable=\"false\" data-prefix=\"fal\" data-icon=\"long-arrow-right\" class=\"svg-inline--fa fa-long-arrow-right fa-w-14\" role=\"img\" xmlns=\"http:\/\/www.w3.org\/2000\/svg\" viewBox=\"0 0 448 512\"><path fill=\"currentColor\" d=\"M311.03 131.515l-7.071 7.07c-4.686 4.686-4.686 12.284 0 16.971L387.887 239H12c-6.627 0-12 5.373-12 12v10c0 6.627 5.373 12 12 12h375.887l-83.928 83.444c-4.686 4.686-4.686 12.284 0 16.971l7.071 7.07c4.686 4.686 12.284 4.686 16.97 0l116.485-116c4.686-4.686 4.686-12.284 0-16.971L328 131.515c-4.686-4.687-12.284-4.687-16.97 0z\"><\/path><\/svg>\n<\/a>\n\n    \n        \n            <\/div>\n        \n            <\/div>\n\n            <\/section>\n\n\n<section  class=\"my-8\">\n    <div class=\"mx-auto grid gap-6 md:grid-cols-2 w-full lg:w-[55rem] px-4\">\n                <img decoding=\"async\" src=\"https:\/\/dockaas.webba11.projectlocatie.nl\/app\/uploads\/sites\/2\/2022\/04\/Luchtfoto-ALT-1-A6031432-2.jpg\" class=\"w-full object-cover rounded-2xl shadow-lg aspect-video md:h-[20rem]\" alt=\"Hauptseite\" \/>\n                <img decoding=\"async\" src=\"https:\/\/dockaas.webba11.projectlocatie.nl\/app\/uploads\/sites\/2\/2022\/04\/Luchtfoto-ALT-1-A6031432-3-e1651144509696.jpg\" class=\"w-full object-cover rounded-2xl shadow-lg aspect-video md:h-[20rem]\" alt=\"Hauptseite\" \/>\n    \n    <\/div>\n<\/section>\n\n","protected":false},"excerpt":{"rendered":"","protected":false},"author":4,"featured_media":0,"parent":0,"menu_order":0,"comment_status":"closed","ping_status":"closed","template":"","meta":{"_acf_changed":false,"inline_featured_image":false,"footnotes":""},"class_list":["post-887","page","type-page","status-publish","hentry"],"acf":[],"yoast_head":"<!-- This site is optimized with the Yoast SEO plugin v25.3.1 - https:\/\/yoast.com\/wordpress\/plugins\/seo\/ -->\n<title>Hauptseite &#8211; DOC Kaas B.V.<\/title>\n<meta name=\"description\" content=\"Hier, in ein oder zwei S\u00e4tzen, etwas \u00fcber DOC Kaas BV und die Produktionsst\u00e4tten in Hoogeveen. Lesen Sie hier mehr \u00fcber die Hauptseite\" \/>\n<meta name=\"robots\" content=\"noindex, follow, max-snippet:-1, max-image-preview:large, max-video-preview:-1\" \/>\n<meta property=\"og:locale\" content=\"de_DE\" \/>\n<meta property=\"og:type\" content=\"article\" \/>\n<meta property=\"og:title\" content=\"Hauptseite &#8211; DOC Kaas B.V.\" \/>\n<meta property=\"og:description\" content=\"Hier, in ein oder zwei S\u00e4tzen, etwas \u00fcber DOC Kaas BV und die Produktionsst\u00e4tten in Hoogeveen. Lesen Sie hier mehr \u00fcber die Hauptseite\" \/>\n<meta property=\"og:url\" content=\"https:\/\/dockaas-bv.webba11.projectlocatie.nl\/de\/\" \/>\n<meta property=\"og:site_name\" content=\"DOC Kaas B.V.\" \/>\n<meta property=\"article:modified_time\" content=\"2022-06-08T11:42:32+00:00\" \/>\n<meta name=\"twitter:card\" content=\"summary_large_image\" \/>\n<script type=\"application\/ld+json\" class=\"yoast-schema-graph\">{\"@context\":\"https:\/\/schema.org\",\"@graph\":[{\"@type\":\"WebPage\",\"@id\":\"https:\/\/dockaas-bv.webba11.projectlocatie.nl\/de\/\",\"url\":\"https:\/\/dockaas-bv.webba11.projectlocatie.nl\/de\/\",\"name\":\"Hauptseite &#8211; DOC Kaas B.V.\",\"isPartOf\":{\"@id\":\"https:\/\/dockaas-bv.webba11.projectlocatie.nl\/de\/#website\"},\"datePublished\":\"2022-04-11T12:05:47+00:00\",\"dateModified\":\"2022-06-08T11:42:32+00:00\",\"description\":\"Hier, in ein oder zwei S\u00e4tzen, etwas \u00fcber DOC Kaas BV und die Produktionsst\u00e4tten in Hoogeveen. Lesen Sie hier mehr \u00fcber die Hauptseite\",\"breadcrumb\":{\"@id\":\"https:\/\/dockaas-bv.webba11.projectlocatie.nl\/de\/#breadcrumb\"},\"inLanguage\":\"de-DE\",\"potentialAction\":[{\"@type\":\"ReadAction\",\"target\":[\"https:\/\/dockaas-bv.webba11.projectlocatie.nl\/de\/\"]}]},{\"@type\":\"BreadcrumbList\",\"@id\":\"https:\/\/dockaas-bv.webba11.projectlocatie.nl\/de\/#breadcrumb\",\"itemListElement\":[{\"@type\":\"ListItem\",\"position\":1,\"name\":\"Home\",\"item\":\"https:\/\/dockaas-bv.webba11.projectlocatie.nl\/de\/\"},{\"@type\":\"ListItem\",\"position\":2,\"name\":\"Hauptseite\"}]},{\"@type\":\"WebSite\",\"@id\":\"https:\/\/dockaas-bv.webba11.projectlocatie.nl\/de\/#website\",\"url\":\"https:\/\/dockaas-bv.webba11.projectlocatie.nl\/de\/\",\"name\":\"DOC Kaas B.V.\",\"description\":\"Kaasmaken kunnen wij  als geen ander!\",\"publisher\":{\"@id\":\"https:\/\/dockaas-bv.webba11.projectlocatie.nl\/de\/#organization\"},\"potentialAction\":[{\"@type\":\"SearchAction\",\"target\":{\"@type\":\"EntryPoint\",\"urlTemplate\":\"https:\/\/dockaas-bv.webba11.projectlocatie.nl\/de\/?s={search_term_string}\"},\"query-input\":{\"@type\":\"PropertyValueSpecification\",\"valueRequired\":true,\"valueName\":\"search_term_string\"}}],\"inLanguage\":\"de-DE\"},{\"@type\":\"Organization\",\"@id\":\"https:\/\/dockaas-bv.webba11.projectlocatie.nl\/de\/#organization\",\"name\":\"DOC Kaas BV\",\"url\":\"https:\/\/dockaas-bv.webba11.projectlocatie.nl\/de\/\",\"logo\":{\"@type\":\"ImageObject\",\"inLanguage\":\"de-DE\",\"@id\":\"https:\/\/dockaas-bv.webba11.projectlocatie.nl\/de\/#\/schema\/logo\/image\/\",\"url\":\"https:\/\/dockaas.nl\/app\/uploads\/sites\/2\/2022\/04\/favicon.png\",\"contentUrl\":\"https:\/\/dockaas.nl\/app\/uploads\/sites\/2\/2022\/04\/favicon.png\",\"width\":500,\"height\":500,\"caption\":\"DOC Kaas BV\"},\"image\":{\"@id\":\"https:\/\/dockaas-bv.webba11.projectlocatie.nl\/de\/#\/schema\/logo\/image\/\"}}]}<\/script>\n<!-- \/ Yoast SEO plugin. -->","yoast_head_json":{"title":"Hauptseite &#8211; DOC Kaas B.V.","description":"Hier, in ein oder zwei S\u00e4tzen, etwas \u00fcber DOC Kaas BV und die Produktionsst\u00e4tten in Hoogeveen. Lesen Sie hier mehr \u00fcber die Hauptseite","robots":{"index":"noindex","follow":"follow","max-snippet":"max-snippet:-1","max-image-preview":"max-image-preview:large","max-video-preview":"max-video-preview:-1"},"og_locale":"de_DE","og_type":"article","og_title":"Hauptseite &#8211; DOC Kaas B.V.","og_description":"Hier, in ein oder zwei S\u00e4tzen, etwas \u00fcber DOC Kaas BV und die Produktionsst\u00e4tten in Hoogeveen. Lesen Sie hier mehr \u00fcber die Hauptseite","og_url":"https:\/\/dockaas-bv.webba11.projectlocatie.nl\/de\/","og_site_name":"DOC Kaas B.V.","article_modified_time":"2022-06-08T11:42:32+00:00","twitter_card":"summary_large_image","schema":{"@context":"https:\/\/schema.org","@graph":[{"@type":"WebPage","@id":"https:\/\/dockaas-bv.webba11.projectlocatie.nl\/de\/","url":"https:\/\/dockaas-bv.webba11.projectlocatie.nl\/de\/","name":"Hauptseite &#8211; DOC Kaas B.V.","isPartOf":{"@id":"https:\/\/dockaas-bv.webba11.projectlocatie.nl\/de\/#website"},"datePublished":"2022-04-11T12:05:47+00:00","dateModified":"2022-06-08T11:42:32+00:00","description":"Hier, in ein oder zwei S\u00e4tzen, etwas \u00fcber DOC Kaas BV und die Produktionsst\u00e4tten in Hoogeveen. Lesen Sie hier mehr \u00fcber die Hauptseite","breadcrumb":{"@id":"https:\/\/dockaas-bv.webba11.projectlocatie.nl\/de\/#breadcrumb"},"inLanguage":"de-DE","potentialAction":[{"@type":"ReadAction","target":["https:\/\/dockaas-bv.webba11.projectlocatie.nl\/de\/"]}]},{"@type":"BreadcrumbList","@id":"https:\/\/dockaas-bv.webba11.projectlocatie.nl\/de\/#breadcrumb","itemListElement":[{"@type":"ListItem","position":1,"name":"Home","item":"https:\/\/dockaas-bv.webba11.projectlocatie.nl\/de\/"},{"@type":"ListItem","position":2,"name":"Hauptseite"}]},{"@type":"WebSite","@id":"https:\/\/dockaas-bv.webba11.projectlocatie.nl\/de\/#website","url":"https:\/\/dockaas-bv.webba11.projectlocatie.nl\/de\/","name":"DOC Kaas B.V.","description":"Kaasmaken kunnen wij  als geen ander!","publisher":{"@id":"https:\/\/dockaas-bv.webba11.projectlocatie.nl\/de\/#organization"},"potentialAction":[{"@type":"SearchAction","target":{"@type":"EntryPoint","urlTemplate":"https:\/\/dockaas-bv.webba11.projectlocatie.nl\/de\/?s={search_term_string}"},"query-input":{"@type":"PropertyValueSpecification","valueRequired":true,"valueName":"search_term_string"}}],"inLanguage":"de-DE"},{"@type":"Organization","@id":"https:\/\/dockaas-bv.webba11.projectlocatie.nl\/de\/#organization","name":"DOC Kaas BV","url":"https:\/\/dockaas-bv.webba11.projectlocatie.nl\/de\/","logo":{"@type":"ImageObject","inLanguage":"de-DE","@id":"https:\/\/dockaas-bv.webba11.projectlocatie.nl\/de\/#\/schema\/logo\/image\/","url":"https:\/\/dockaas.nl\/app\/uploads\/sites\/2\/2022\/04\/favicon.png","contentUrl":"https:\/\/dockaas.nl\/app\/uploads\/sites\/2\/2022\/04\/favicon.png","width":500,"height":500,"caption":"DOC Kaas BV"},"image":{"@id":"https:\/\/dockaas-bv.webba11.projectlocatie.nl\/de\/#\/schema\/logo\/image\/"}}]}},"_links":{"self":[{"href":"https:\/\/dockaas-bv.webba11.projectlocatie.nl\/de\/wp-json\/wp\/v2\/pages\/887","targetHints":{"allow":["GET"]}}],"collection":[{"href":"https:\/\/dockaas-bv.webba11.projectlocatie.nl\/de\/wp-json\/wp\/v2\/pages"}],"about":[{"href":"https:\/\/dockaas-bv.webba11.projectlocatie.nl\/de\/wp-json\/wp\/v2\/types\/page"}],"author":[{"embeddable":true,"href":"https:\/\/dockaas-bv.webba11.projectlocatie.nl\/de\/wp-json\/wp\/v2\/users\/4"}],"replies":[{"embeddable":true,"href":"https:\/\/dockaas-bv.webba11.projectlocatie.nl\/de\/wp-json\/wp\/v2\/comments?post=887"}],"version-history":[{"count":50,"href":"https:\/\/dockaas-bv.webba11.projectlocatie.nl\/de\/wp-json\/wp\/v2\/pages\/887\/revisions"}],"predecessor-version":[{"id":3110,"href":"https:\/\/dockaas-bv.webba11.projectlocatie.nl\/de\/wp-json\/wp\/v2\/pages\/887\/revisions\/3110"}],"wp:attachment":[{"href":"https:\/\/dockaas-bv.webba11.projectlocatie.nl\/de\/wp-json\/wp\/v2\/media?parent=887"}],"curies":[{"name":"wp","href":"https:\/\/api.w.org\/{rel}","templated":true}]}}