{"id":950,"date":"2022-04-12T11:23:12","date_gmt":"2022-04-12T09:23:12","guid":{"rendered":"https:\/\/dockaasbv.nl\/ueber-uns\/"},"modified":"2022-08-22T10:41:01","modified_gmt":"2022-08-22T08:41:01","slug":"uber-uns","status":"publish","type":"page","link":"https:\/\/dockaas-bv.webba11.projectlocatie.nl\/de\/uber-uns\/","title":{"rendered":"\u00dcber uns"},"content":{"rendered":"<section style=\"background-image:linear-gradient(to bottom, rgba(10, 0, 0, 0.35), rgba(10, 0, 0, 0.35)),url(' https:\/\/dockaas.webba11.projectlocatie.nl\/app\/uploads\/sites\/2\/2022\/05\/Header-p1-DOC-kaas_0921-e1651658404578.jpg ');background-repeat:no-repeat;background-size:cover;background-position:center;\"\n    class=\"flex items-center\">\n    <div class=\"top-0 left-0 h-full w-full relative px-4\">\n        <div class=\"container mx-auto text-center lg:text-left pt-40\">\n            <div class=\"hero-title\">\n                                <h1 class=\"text-[2.75rem] md:text-[4rem] leading-tight text-white drop-shadow-xl break-words lg:px-8 lg:border-l-[5px] lg:border-secondary\">\n                    <p>Wer <strong>wir sind<\/strong><\/p>\n\n                <\/h1>\n                                \n                \n            <\/div>\n        <\/div>\n\n                <div class=\"container mx-auto py-6 text-white mt-24\">\n            <p id=\"breadcrumbs\"><span><span><a href=\"https:\/\/dockaas-bv.webba11.projectlocatie.nl\/de\/\">Home<\/a><\/span><\/span><\/p>        <\/div>\n        \n    <\/div>\n<\/section>\n\n\n\n<section  id=\"wir-wir-sind\"  class=\"py-16 bg-light\">\n                 \n    <div class=\"flex flex-col gap-10 lg:w-[55rem] px-4 m-auto\">\n                <div class=\"text-primary-light relative after:content[''] after:h-0.5 after:w-24 after:bg-secondary after:absolute after:mt-2 leading-tight break-normal title text-5xl\">\n            <p>Wir<strong> sind<\/strong> <strong>DOC Kaas<\/strong><\/p>\n\n        <\/div>\n        \n                <div class=\"text-primary-dark font-light text-2xl leading-normal\">\n            <p>DOC Kaas B.V. ist ein Niederl\u00e4ndischer K\u00e4sehersteller mit einer langen und reichen Geschichte, die bis ins Jahr 1896 zur\u00fcckreicht. In unseren beiden Produktionsst\u00e4tten in Hoogeveen stellen wir verschiedene K\u00e4sesorten f\u00fcr unterschiedliche Kunden her. Eine breite Palette an K\u00e4sesorten von hervorragender Qualit\u00e4t. Hergestellt von unseren mehr als 200 Mitarbeitern, die mit ihrem Wissen und K\u00f6nnen die K\u00e4seherstellung zu einem echten Handwerk gemacht haben.<\/p>\n\n        <\/div>\n        \n                <div class=\"flex flex-wrap items-center gap-6\">\n            <a href=\"https:\/\/dockaasbv.nl\/de\/unsere-familie\/\" class=\"text-white bg-primary-light font-bold px-10 py-3 rounded-2xl flex justify-center w-full xs:w-max group shadow\" target=\"\">\n    Unsere Familie\n        <svg class=\"w-6 h-6 transition-all opacity-0 -ml-6 -translate-x-6 group-hover:ml-0 group-hover:opacity-100 group-hover:translate-x-2\"\n            aria-hidden=\"true\" focusable=\"false\" data-prefix=\"fal\" data-icon=\"long-arrow-right\" class=\"svg-inline--fa fa-long-arrow-right fa-w-14\" role=\"img\" xmlns=\"http:\/\/www.w3.org\/2000\/svg\" viewBox=\"0 0 448 512\"><path fill=\"currentColor\" d=\"M311.03 131.515l-7.071 7.07c-4.686 4.686-4.686 12.284 0 16.971L387.887 239H12c-6.627 0-12 5.373-12 12v10c0 6.627 5.373 12 12 12h375.887l-83.928 83.444c-4.686 4.686-4.686 12.284 0 16.971l7.071 7.07c4.686 4.686 12.284 4.686 16.97 0l116.485-116c4.686-4.686 4.686-12.284 0-16.971L328 131.515c-4.686-4.687-12.284-4.687-16.97 0z\"><\/path><\/svg>\n<\/a>\n\n    \n        \n            <\/div>\n            <\/div>\n\n            <\/section>\n\n\n<section  class=\"my-24 flex gap-10 xl:gap-32 flex-col-reverse xl:flex-row-reverse\">\n    <div class=\"bg-light w-full h-full z-[1] relative rounded-l-full pr-8 pl-4 sm:pr-12 sm:pl-8 xl:pr-56 xl:pl-0 2xl:w-1\/2 py-16 lg:py-24 flex justify-start\">\n        <span class=\"relative w-full before:z-0 before:content[''] before:w-1\/2 before:h-56 before:w-1\/2 before:xl:h-60 before:bg-secondary before:absolute before:rounded-2xl flex before:-translate-y-3 before:translate-x-3 before:md:-translate-y-4 before:md:translate-x-4 before:-right-0 justify-end\">\n        <img decoding=\"async\" src=\" https:\/\/dockaas.webba11.projectlocatie.nl\/app\/uploads\/sites\/2\/2022\/04\/DOC-kaas_089-scaled.jpg \" alt=\"\u00dcber uns\" class=\"w-full h-full rounded-xl object-cover relative shadow-2xl h-[28.125rem]\" \/>\n        <\/span>\n    <\/div>\n\n    <div class=\"px-12 sm:px-16 md:px-24 w-full flex flex-col justify-center gap-6 xl:pr-0 lg:pl-16 xl:pl-56 2xl:w-1\/2\">\n                <h2 class=\"px-4 border-l-5 md:border-l-8 border-secondary text-[2rem] md:text-[2.75rem] leading-tight text-primary-light w-full max-w-none xl:max-w-[44rem] title\"><p>Unsere <strong>Speerspitze<\/strong><\/p>\n<\/h2>\n                        <div class=\"text-grey w-full max-w-none xl:max-w-[44rem] leading-7 relative font-light mt-4 xl:pl-8 xl:pr-8\">\n            <p>Sicherheit, Qualit\u00e4t und Innovation stehen in unserem Unternehmen an erster Stelle. Wir produzieren K\u00e4se von h\u00f6chster Qualit\u00e4t, der in der ganzen Welt konsumiert wird. Die W\u00fcnsche der Kunden und Verbraucher stehen dabei im Vordergrund. Unsere Kunden sch\u00e4tzen unseren K\u00e4se und wer wir sind: ein zug\u00e4ngliches, unkompliziertes Unternehmen, in dem die Mitarbeiter einander kennen und eng zusammenarbeiten. Au\u00dferdem suchen wir bei DOC Kaas immer nach neuen Wegen, um die K\u00e4seproduktion effizienter und nachhaltiger zu gestalten.<\/p>\n\n        <\/div>\n        \n            <\/div>\n<\/section>\n\n\n<section  class=\"my-24 flex gap-10 xl:gap-32 flex-col-reverse xl:flex-row\">\n    <div class=\"bg-light w-full h-full z-[1] relative rounded-r-full pl-8 pr-4 sm:pl-12 sm:pr-8 xl:pl-56 xl:pr-0 2xl:w-1\/2 py-16 lg:py-24 flex justify-end\">\n        <span class=\"relative w-full before:z-0 before:content[''] before:w-1\/2 before:h-56 before:w-1\/2 before:xl:h-60 before:bg-secondary before:absolute before:rounded-2xl flex before:-translate-y-3 before:-translate-x-3 before:md:-translate-y-4 before:md:-translate-x-4\">\n        <img decoding=\"async\" src=\" https:\/\/dockaas.webba11.projectlocatie.nl\/app\/uploads\/sites\/2\/2022\/04\/Tafel-met-DMK-producten-Vollmert_04538_edit-scaled.jpg \" alt=\"\u00dcber uns\" class=\"w-full h-full rounded-xl object-cover relative shadow-2xl h-[28.125rem]\" \/>\n        <\/span>\n    <\/div>\n\n    <div class=\"px-12 sm:px-16 md:px-24 w-full flex flex-col justify-center gap-6 xl:pl-0 lg:pr-16 xl:pr-56 2xl:w-1\/2\">\n                <h2 class=\"px-4 border-l-5 md:border-l-8 border-secondary text-[2rem] md:text-[2.75rem] leading-tight text-primary-light w-full max-w-none xl:max-w-[44rem] title\"><p>Die <strong>DMK Group <\/strong><img loading=\"lazy\" decoding=\"async\" class=\"alignnone wp-image-1125\" src=\"https:\/\/dockaas.nl\/app\/uploads\/sites\/2\/2022\/04\/Afbeelding1-1-300x187.png\" alt=\"\" width=\"82\" height=\"51\" srcset=\"https:\/\/dockaas.webba11.projectlocatie.nl\/app\/uploads\/sites\/2\/2022\/04\/Afbeelding1-1-300x187.png 300w, https:\/\/dockaas.webba11.projectlocatie.nl\/app\/uploads\/sites\/2\/2022\/04\/Afbeelding1-1.png 321w\" sizes=\"auto, (max-width: 82px) 100vw, 82px\" \/><\/p>\n<\/h2>\n                        <div class=\"text-grey w-full max-w-none xl:max-w-[44rem] leading-7 relative font-light mt-4 xl:pl-8 xl:pr-8\">\n            <p>Seit 2016 geh\u00f6rt DOC Kaas B.V. zur <a href=\"https:\/\/www.dmk.de\/\">DMK Group<\/a>, einem der gr\u00f6\u00dften Molkereikonzerne in Deutschland. Diese Gruppe besch\u00e4ftigt rund 7.800 Mitarbeiter an mehr als zwanzig Standorten, unter anderem in Deutschland, den Niederlanden und Russland. Die DMK Group verarbeitet j\u00e4hrlich 6,6 Mrd. kg Milch zu Molkereiprodukten von h\u00f6chster Qualit\u00e4t. Das Produktportfolio ist breit gef\u00e4chert: von K\u00e4se, Milchfrischprodukten und veganen Produkten bis hin zu Babynahrung, Speiseeis und Molkeprodukten.<\/p>\n<p>&nbsp;<\/p>\n<p>Als einer der gr\u00f6\u00dften Zulieferer deutscher Supermarktketten und mit einem Umsatz von 5,6 Milliarden Euro geh\u00f6rt die DMK Group zu den f\u00fchrenden Unternehmen der Milchwirtschaft in Europa.<\/p>\n\n        <\/div>\n        \n            <\/div>\n<\/section>\n\n\n<section class=\"flex items-center gap-4 px-4 banner-block flex-col justify-center h-[28.125rem]\"\n        style=\"background-image:linear-gradient(to bottom, rgba(0, 0, 0, 0.3), rgba(0, 0, 0, 0.3)),url('https:\/\/dockaas.webba11.projectlocatie.nl\/app\/uploads\/sites\/2\/2022\/04\/De-boterfabriek-in-1928-scaled.jpg');background-repeat:no-repeat;background-position:center;background-size:cover;\"\n    >\n\n    <div class=\"text-white text-[2.75rem] md:text-[4rem] lg:w-[45rem] text-center\">\n                <div class=\"text-5xl mb-6\"><p>Entdecken Sie <strong>unsere Geschichte<\/strong><\/p>\n<\/div>\n                <div><\/div>\n    <\/div>\n\n            <div class=\"flex flex-wrap items-center gap-6 mt-4\">\n            <a href=\"https:\/\/dockaasbv.nl\/de\/uber-uns\/geschichte\/\" class=\"text-white bg-white\/60 font-bold px-10 py-3 rounded-2xl flex justify-center w-full xs:w-max group shadow\" target=\"\">\n    Geschichte\n        <svg class=\"w-6 h-6 transition-all opacity-0 -ml-6 -translate-x-6 group-hover:ml-0 group-hover:opacity-100 group-hover:translate-x-2\"\n            aria-hidden=\"true\" focusable=\"false\" data-prefix=\"fal\" data-icon=\"long-arrow-right\" class=\"svg-inline--fa fa-long-arrow-right fa-w-14\" role=\"img\" xmlns=\"http:\/\/www.w3.org\/2000\/svg\" viewBox=\"0 0 448 512\"><path fill=\"currentColor\" d=\"M311.03 131.515l-7.071 7.07c-4.686 4.686-4.686 12.284 0 16.971L387.887 239H12c-6.627 0-12 5.373-12 12v10c0 6.627 5.373 12 12 12h375.887l-83.928 83.444c-4.686 4.686-4.686 12.284 0 16.971l7.071 7.07c4.686 4.686 12.284 4.686 16.97 0l116.485-116c4.686-4.686 4.686-12.284 0-16.971L328 131.515c-4.686-4.687-12.284-4.687-16.97 0z\"><\/path><\/svg>\n<\/a>\n\n    \n        \n            <\/div>\n    <\/section>\n\n\n<section  class=\"py-16 bg-lighter\">\n                 \n    <div class=\"w-full lg:w-[55rem] flex flex-col gap-6 content px-4 m-auto\">\n\n        \n                <div class=\"text-grey leading-7 font-light large\">\n            <h4 style=\"text-align: center\"><strong>Unsere 2 Produktionsstandorte<\/strong><\/h4>\n<p style=\"text-align: center\">Die beiden Produktionsstandorte von DOC Kaas B.V. befinden sich beide in Hoogeveen. In der Alteveerstraat stellen wir seit 1896 Molkereiprodukte her. Es handelt sich um ein historisches Geb\u00e4ude, das aber dank der modernen Produktionsanlagen auch sehr modern ist! Etwas weiter in Hoogeveen, im Zuivelpark, befindet sich unsere gr\u00f6\u00dfte Produktionsst\u00e4tte, die im Jahr 2003 in Betrieb genommen wurde. Hier befindet sich auch der Hauptsitz des Unternehmens.<\/p>\n\n        <\/div>\n        \n                <div class=\"mt-4 flex flex-wrap items-center gap-6\">\n            <a href=\"https:\/\/dockaasbv.nl\/de\/uber-uns\/unsere-produktionsstandorte\/\" class=\"text-white bg-primary-light font-bold px-10 py-3 rounded-2xl flex justify-center w-full xs:w-max group shadow\" target=\"\">\n    Unsere Produktionsstandorte\n        <svg class=\"w-6 h-6 transition-all opacity-0 -ml-6 -translate-x-6 group-hover:ml-0 group-hover:opacity-100 group-hover:translate-x-2\"\n            aria-hidden=\"true\" focusable=\"false\" data-prefix=\"fal\" data-icon=\"long-arrow-right\" class=\"svg-inline--fa fa-long-arrow-right fa-w-14\" role=\"img\" xmlns=\"http:\/\/www.w3.org\/2000\/svg\" viewBox=\"0 0 448 512\"><path fill=\"currentColor\" d=\"M311.03 131.515l-7.071 7.07c-4.686 4.686-4.686 12.284 0 16.971L387.887 239H12c-6.627 0-12 5.373-12 12v10c0 6.627 5.373 12 12 12h375.887l-83.928 83.444c-4.686 4.686-4.686 12.284 0 16.971l7.071 7.07c4.686 4.686 12.284 4.686 16.97 0l116.485-116c4.686-4.686 4.686-12.284 0-16.971L328 131.515c-4.686-4.687-12.284-4.687-16.97 0z\"><\/path><\/svg>\n<\/a>\n\n    \n        \n            <\/div>\n        \n                    \n            \n            <div class=\"!bg-contain !bg-center !bg-no-repeat w-full h-80 xs:h-96 md:h-[35rem] relative\" style=\"background-image:url(https:\/\/dockaas.webba11.projectlocatie.nl\/app\/themes\/doc-kaas-bv\/public\/images\/drenthe.cadd62.svg)\">\n                                \n                <a href=\"https:\/\/dockaasbv.nl\/de\/uber-uns\/unsere-produktionsstandorte\/#alteveerstraat\" target=\"\" class=\"absolute w-6 h-6 lg:w-8 lg:h-8 border border-2 border-primary-light rounded-full p-0.5 group group-hover:bg-primary-dark transition-all duration-500 cursor-pointer top-[50%] sm:top-[52%] left-1\/2\">\n                    <div class=\"w-full h-full rounded-full bg-primary-light group-hover:bg-primary-dark\"><\/div>\n                    <div class=\"absolute p-4 bg-white text-primary-light font-bold text-2xl text-center shadow-lg rounded-lg -ml-[6rem] -top-[7.5rem] transition-all after:content-[''] after:absolute after:h-9 after:w-px after:bg-[#C4C4C4] after:left-[6.5rem] after:lg:left-[6.75rem] after:-bottom-9 opacity-0 pointer-events-none invisible group-hover:opacity-100 group-hover:pointer-events-auto group-hover:visible\">\n                        Produktionsstandorte Alteveerstraat\n                    <\/div>\n                <\/a>\n                \n                                \n                <a href=\"https:\/\/dockaasbv.nl\/de\/uber-uns\/unsere-produktionsstandorte\/#molkereipark\" target=\"\" class=\"absolute w-6 h-6 lg:w-8 lg:h-8 border border-2 border-primary-light rounded-full p-0.5 group group-hover:bg-primary-dark transition-all duration-500 cursor-pointer top-[54%] sm:top-[58%] right-6 xs:right-12 sm:right-20\">\n                    <div class=\"w-full h-full rounded-full bg-primary-light group-hover:bg-primary-dark\"><\/div>\n                    <div class=\"absolute p-4 bg-white text-primary-light font-bold text-2xl text-center shadow-lg rounded-lg -ml-[4.25rem] -top-[7.5rem] transition-all after:content-[''] after:absolute after:h-9 after:w-px after:bg-[#C4C4C4] after:left-[4.7rem] after:lg:left-[5rem] after:-bottom-9 opacity-0 pointer-events-none invisible group-hover:opacity-100 group-hover:pointer-events-auto group-hover:visible\">\n                        Produktionsstandorte Molkereipark\n                    <\/div>\n                <\/a>\n                            <\/div>\n            <\/div>\n\n            <\/section>\n","protected":false},"excerpt":{"rendered":"","protected":false},"author":4,"featured_media":0,"parent":0,"menu_order":0,"comment_status":"closed","ping_status":"closed","template":"","meta":{"_acf_changed":false,"inline_featured_image":false,"footnotes":""},"class_list":["post-950","page","type-page","status-publish","hentry"],"acf":[],"yoast_head":"<!-- This site is optimized with the Yoast SEO plugin v25.3.1 - https:\/\/yoast.com\/wordpress\/plugins\/seo\/ -->\n<title>\u00dcber uns &#8211; DOC Kaas B.V.<\/title>\n<meta name=\"description\" content=\"\u00dcber uns. DOC Kaas B.V. ist ein Niederl\u00e4ndischer K\u00e4sehersteller mit einer langen und reichen Geschichte, die bis ins Jahr 1896 zur\u00fcckreicht.\" \/>\n<meta name=\"robots\" content=\"noindex, follow, max-snippet:-1, max-image-preview:large, max-video-preview:-1\" \/>\n<meta property=\"og:locale\" content=\"de_DE\" \/>\n<meta property=\"og:type\" content=\"article\" \/>\n<meta property=\"og:title\" content=\"\u00dcber uns &#8211; DOC Kaas B.V.\" \/>\n<meta property=\"og:description\" content=\"\u00dcber uns. DOC Kaas B.V. ist ein Niederl\u00e4ndischer K\u00e4sehersteller mit einer langen und reichen Geschichte, die bis ins Jahr 1896 zur\u00fcckreicht.\" \/>\n<meta property=\"og:url\" content=\"https:\/\/dockaas-bv.webba11.projectlocatie.nl\/over-ons\/\" \/>\n<meta property=\"og:site_name\" content=\"DOC Kaas B.V.\" \/>\n<meta property=\"article:modified_time\" content=\"2022-08-22T08:41:01+00:00\" \/>\n<meta name=\"twitter:card\" content=\"summary_large_image\" \/>\n<script type=\"application\/ld+json\" class=\"yoast-schema-graph\">{\"@context\":\"https:\/\/schema.org\",\"@graph\":[{\"@type\":\"WebPage\",\"@id\":\"https:\/\/dockaas-bv.webba11.projectlocatie.nl\/over-ons\/\",\"url\":\"https:\/\/dockaas-bv.webba11.projectlocatie.nl\/over-ons\/\",\"name\":\"\u00dcber uns &#8211; DOC Kaas B.V.\",\"isPartOf\":{\"@id\":\"https:\/\/dockaas-bv.webba11.projectlocatie.nl\/de\/#website\"},\"datePublished\":\"2022-04-12T09:23:12+00:00\",\"dateModified\":\"2022-08-22T08:41:01+00:00\",\"description\":\"\u00dcber uns. DOC Kaas B.V. ist ein Niederl\u00e4ndischer K\u00e4sehersteller mit einer langen und reichen Geschichte, die bis ins Jahr 1896 zur\u00fcckreicht.\",\"breadcrumb\":{\"@id\":\"https:\/\/dockaas-bv.webba11.projectlocatie.nl\/over-ons\/#breadcrumb\"},\"inLanguage\":\"de-DE\",\"potentialAction\":[{\"@type\":\"ReadAction\",\"target\":[\"https:\/\/dockaas-bv.webba11.projectlocatie.nl\/over-ons\/\"]}]},{\"@type\":\"BreadcrumbList\",\"@id\":\"https:\/\/dockaas-bv.webba11.projectlocatie.nl\/over-ons\/#breadcrumb\",\"itemListElement\":[{\"@type\":\"ListItem\",\"position\":1,\"name\":\"Home\",\"item\":\"https:\/\/dockaas-bv.webba11.projectlocatie.nl\/de\/\"},{\"@type\":\"ListItem\",\"position\":2,\"name\":\"\u00dcber uns\"}]},{\"@type\":\"WebSite\",\"@id\":\"https:\/\/dockaas-bv.webba11.projectlocatie.nl\/de\/#website\",\"url\":\"https:\/\/dockaas-bv.webba11.projectlocatie.nl\/de\/\",\"name\":\"DOC Kaas B.V.\",\"description\":\"Kaasmaken kunnen wij  als geen ander!\",\"publisher\":{\"@id\":\"https:\/\/dockaas-bv.webba11.projectlocatie.nl\/de\/#organization\"},\"potentialAction\":[{\"@type\":\"SearchAction\",\"target\":{\"@type\":\"EntryPoint\",\"urlTemplate\":\"https:\/\/dockaas-bv.webba11.projectlocatie.nl\/de\/?s={search_term_string}\"},\"query-input\":{\"@type\":\"PropertyValueSpecification\",\"valueRequired\":true,\"valueName\":\"search_term_string\"}}],\"inLanguage\":\"de-DE\"},{\"@type\":\"Organization\",\"@id\":\"https:\/\/dockaas-bv.webba11.projectlocatie.nl\/de\/#organization\",\"name\":\"DOC Kaas BV\",\"url\":\"https:\/\/dockaas-bv.webba11.projectlocatie.nl\/de\/\",\"logo\":{\"@type\":\"ImageObject\",\"inLanguage\":\"de-DE\",\"@id\":\"https:\/\/dockaas-bv.webba11.projectlocatie.nl\/de\/#\/schema\/logo\/image\/\",\"url\":\"https:\/\/dockaas.nl\/app\/uploads\/sites\/2\/2022\/04\/favicon.png\",\"contentUrl\":\"https:\/\/dockaas.nl\/app\/uploads\/sites\/2\/2022\/04\/favicon.png\",\"width\":500,\"height\":500,\"caption\":\"DOC Kaas BV\"},\"image\":{\"@id\":\"https:\/\/dockaas-bv.webba11.projectlocatie.nl\/de\/#\/schema\/logo\/image\/\"}}]}<\/script>\n<!-- \/ Yoast SEO plugin. -->","yoast_head_json":{"title":"\u00dcber uns &#8211; DOC Kaas B.V.","description":"\u00dcber uns. DOC Kaas B.V. ist ein Niederl\u00e4ndischer K\u00e4sehersteller mit einer langen und reichen Geschichte, die bis ins Jahr 1896 zur\u00fcckreicht.","robots":{"index":"noindex","follow":"follow","max-snippet":"max-snippet:-1","max-image-preview":"max-image-preview:large","max-video-preview":"max-video-preview:-1"},"og_locale":"de_DE","og_type":"article","og_title":"\u00dcber uns &#8211; DOC Kaas B.V.","og_description":"\u00dcber uns. DOC Kaas B.V. ist ein Niederl\u00e4ndischer K\u00e4sehersteller mit einer langen und reichen Geschichte, die bis ins Jahr 1896 zur\u00fcckreicht.","og_url":"https:\/\/dockaas-bv.webba11.projectlocatie.nl\/over-ons\/","og_site_name":"DOC Kaas B.V.","article_modified_time":"2022-08-22T08:41:01+00:00","twitter_card":"summary_large_image","schema":{"@context":"https:\/\/schema.org","@graph":[{"@type":"WebPage","@id":"https:\/\/dockaas-bv.webba11.projectlocatie.nl\/over-ons\/","url":"https:\/\/dockaas-bv.webba11.projectlocatie.nl\/over-ons\/","name":"\u00dcber uns &#8211; DOC Kaas B.V.","isPartOf":{"@id":"https:\/\/dockaas-bv.webba11.projectlocatie.nl\/de\/#website"},"datePublished":"2022-04-12T09:23:12+00:00","dateModified":"2022-08-22T08:41:01+00:00","description":"\u00dcber uns. DOC Kaas B.V. ist ein Niederl\u00e4ndischer K\u00e4sehersteller mit einer langen und reichen Geschichte, die bis ins Jahr 1896 zur\u00fcckreicht.","breadcrumb":{"@id":"https:\/\/dockaas-bv.webba11.projectlocatie.nl\/over-ons\/#breadcrumb"},"inLanguage":"de-DE","potentialAction":[{"@type":"ReadAction","target":["https:\/\/dockaas-bv.webba11.projectlocatie.nl\/over-ons\/"]}]},{"@type":"BreadcrumbList","@id":"https:\/\/dockaas-bv.webba11.projectlocatie.nl\/over-ons\/#breadcrumb","itemListElement":[{"@type":"ListItem","position":1,"name":"Home","item":"https:\/\/dockaas-bv.webba11.projectlocatie.nl\/de\/"},{"@type":"ListItem","position":2,"name":"\u00dcber uns"}]},{"@type":"WebSite","@id":"https:\/\/dockaas-bv.webba11.projectlocatie.nl\/de\/#website","url":"https:\/\/dockaas-bv.webba11.projectlocatie.nl\/de\/","name":"DOC Kaas B.V.","description":"Kaasmaken kunnen wij  als geen ander!","publisher":{"@id":"https:\/\/dockaas-bv.webba11.projectlocatie.nl\/de\/#organization"},"potentialAction":[{"@type":"SearchAction","target":{"@type":"EntryPoint","urlTemplate":"https:\/\/dockaas-bv.webba11.projectlocatie.nl\/de\/?s={search_term_string}"},"query-input":{"@type":"PropertyValueSpecification","valueRequired":true,"valueName":"search_term_string"}}],"inLanguage":"de-DE"},{"@type":"Organization","@id":"https:\/\/dockaas-bv.webba11.projectlocatie.nl\/de\/#organization","name":"DOC Kaas BV","url":"https:\/\/dockaas-bv.webba11.projectlocatie.nl\/de\/","logo":{"@type":"ImageObject","inLanguage":"de-DE","@id":"https:\/\/dockaas-bv.webba11.projectlocatie.nl\/de\/#\/schema\/logo\/image\/","url":"https:\/\/dockaas.nl\/app\/uploads\/sites\/2\/2022\/04\/favicon.png","contentUrl":"https:\/\/dockaas.nl\/app\/uploads\/sites\/2\/2022\/04\/favicon.png","width":500,"height":500,"caption":"DOC Kaas BV"},"image":{"@id":"https:\/\/dockaas-bv.webba11.projectlocatie.nl\/de\/#\/schema\/logo\/image\/"}}]}},"_links":{"self":[{"href":"https:\/\/dockaas-bv.webba11.projectlocatie.nl\/de\/wp-json\/wp\/v2\/pages\/950","targetHints":{"allow":["GET"]}}],"collection":[{"href":"https:\/\/dockaas-bv.webba11.projectlocatie.nl\/de\/wp-json\/wp\/v2\/pages"}],"about":[{"href":"https:\/\/dockaas-bv.webba11.projectlocatie.nl\/de\/wp-json\/wp\/v2\/types\/page"}],"author":[{"embeddable":true,"href":"https:\/\/dockaas-bv.webba11.projectlocatie.nl\/de\/wp-json\/wp\/v2\/users\/4"}],"replies":[{"embeddable":true,"href":"https:\/\/dockaas-bv.webba11.projectlocatie.nl\/de\/wp-json\/wp\/v2\/comments?post=950"}],"version-history":[{"count":47,"href":"https:\/\/dockaas-bv.webba11.projectlocatie.nl\/de\/wp-json\/wp\/v2\/pages\/950\/revisions"}],"predecessor-version":[{"id":3117,"href":"https:\/\/dockaas-bv.webba11.projectlocatie.nl\/de\/wp-json\/wp\/v2\/pages\/950\/revisions\/3117"}],"wp:attachment":[{"href":"https:\/\/dockaas-bv.webba11.projectlocatie.nl\/de\/wp-json\/wp\/v2\/media?parent=950"}],"curies":[{"name":"wp","href":"https:\/\/api.w.org\/{rel}","templated":true}]}}